{"id":9139,"date":"2019-03-12T11:19:58","date_gmt":"2019-03-12T10:19:58","guid":{"rendered":"http:\/\/lutra.si\/izdelek\/the-otter-in-the-pond\/"},"modified":"2020-03-31T10:25:15","modified_gmt":"2020-03-31T09:25:15","slug":"the-otter-in-the-pond","status":"publish","type":"product","link":"https:\/\/lutra.si\/en\/product\/the-otter-in-the-pond\/","title":{"rendered":"The Otter in the Pond (publication)"},"content":{"rendered":"<p>The publication \u201cOtter in the pond\u201d is intended for all owners of ponds whose ponds otters visit. In it you will find answers to various questions, also those people who want to build a pond. Publication was prepared in LIFE project\u00a0<a href=\"http:\/\/lutra.si\/en\/life-aqualutra\/\">Conservation of Otter population in Gori\u010dko<\/a>.<\/p>\n<p>No. pages: 32<br \/>\nYear of publication: 2010<br \/>\nLanguage: Slovenian<br \/>\nPublisher: LUTRA, Institute for Conservation of Natural Heritage, Ljubljana<\/p>\n","protected":false},"excerpt":{"rendered":"<p>The publication \u201cOtter in the pond\u201d is intended for all owners of ponds whose ponds otters visit. In it you will find answers to various questions, also those people who [&hellip;]<\/p>\n","protected":false},"featured_media":9136,"template":"","meta":{"episode_type":"","audio_file":"","cover_image":"","cover_image_id":"","duration":"","filesize":"","date_recorded":"","explicit":"","block":"","filesize_raw":""},"product_brand":[],"product_cat":[],"product_tag":[],"class_list":{"0":"post-9139","1":"product","2":"type-product","3":"status-publish","4":"has-post-thumbnail","7":"first","8":"instock","9":"taxable","10":"shipping-taxable","11":"purchasable","12":"product-type-simple"},"yoast_head":"<!-- This site is optimized with the Yoast SEO plugin v24.3 - https:\/\/yoast.com\/wordpress\/plugins\/seo\/ -->\n<title>The Otter in the Pond (publication) - Lutra, In\u0161titut za ohranjanje naravne dedi\u0161\u010dine<\/title>\n<meta name=\"robots\" content=\"index, follow, max-snippet:-1, max-image-preview:large, max-video-preview:-1\" \/>\n<link rel=\"canonical\" href=\"https:\/\/lutra.si\/en\/product\/the-otter-in-the-pond\/\" \/>\n<meta property=\"og:locale\" content=\"en_US\" \/>\n<meta property=\"og:type\" content=\"article\" \/>\n<meta property=\"og:title\" content=\"The Otter in the Pond (publication) - Lutra, In\u0161titut za ohranjanje naravne dedi\u0161\u010dine\" \/>\n<meta property=\"og:description\" content=\"The publication \u201cOtter in the pond\u201d is intended for all owners of ponds whose ponds otters visit. In it you will find answers to various questions, also those people who [&hellip;]\" \/>\n<meta property=\"og:url\" content=\"https:\/\/lutra.si\/en\/product\/the-otter-in-the-pond\/\" \/>\n<meta property=\"og:site_name\" content=\"Lutra, In\u0161titut za ohranjanje naravne dedi\u0161\u010dine\" \/>\n<meta property=\"article:publisher\" content=\"https:\/\/www.facebook.com\/LutraInstitut\" \/>\n<meta property=\"article:modified_time\" content=\"2020-03-31T09:25:15+00:00\" \/>\n<meta property=\"og:image\" content=\"https:\/\/lutra.si\/wp-content\/uploads\/2019\/03\/Vidra-v-ribniku-zunanja-platnica-sprednja1-1.jpg\" \/>\n\t<meta property=\"og:image:width\" content=\"1186\" \/>\n\t<meta property=\"og:image:height\" content=\"1402\" \/>\n\t<meta property=\"og:image:type\" content=\"image\/jpeg\" \/>\n<meta name=\"twitter:card\" content=\"summary_large_image\" \/>\n<script type=\"application\/ld+json\" class=\"yoast-schema-graph\">{\"@context\":\"https:\/\/schema.org\",\"@graph\":[{\"@type\":\"WebPage\",\"@id\":\"https:\/\/lutra.si\/en\/product\/the-otter-in-the-pond\/\",\"url\":\"https:\/\/lutra.si\/en\/product\/the-otter-in-the-pond\/\",\"name\":\"The Otter in the Pond (publication) - Lutra, In\u0161titut za ohranjanje naravne dedi\u0161\u010dine\",\"isPartOf\":{\"@id\":\"https:\/\/lutra.si\/#website\"},\"primaryImageOfPage\":{\"@id\":\"https:\/\/lutra.si\/en\/product\/the-otter-in-the-pond\/#primaryimage\"},\"image\":{\"@id\":\"https:\/\/lutra.si\/en\/product\/the-otter-in-the-pond\/#primaryimage\"},\"thumbnailUrl\":\"https:\/\/lutra.si\/wp-content\/uploads\/2019\/03\/Vidra-v-ribniku-zunanja-platnica-sprednja1-1.jpg\",\"datePublished\":\"2019-03-12T10:19:58+00:00\",\"dateModified\":\"2020-03-31T09:25:15+00:00\",\"breadcrumb\":{\"@id\":\"https:\/\/lutra.si\/en\/product\/the-otter-in-the-pond\/#breadcrumb\"},\"inLanguage\":\"en-US\",\"potentialAction\":[{\"@type\":\"ReadAction\",\"target\":[\"https:\/\/lutra.si\/en\/product\/the-otter-in-the-pond\/\"]}]},{\"@type\":\"ImageObject\",\"inLanguage\":\"en-US\",\"@id\":\"https:\/\/lutra.si\/en\/product\/the-otter-in-the-pond\/#primaryimage\",\"url\":\"https:\/\/lutra.si\/wp-content\/uploads\/2019\/03\/Vidra-v-ribniku-zunanja-platnica-sprednja1-1.jpg\",\"contentUrl\":\"https:\/\/lutra.si\/wp-content\/uploads\/2019\/03\/Vidra-v-ribniku-zunanja-platnica-sprednja1-1.jpg\",\"width\":1186,\"height\":1402},{\"@type\":\"BreadcrumbList\",\"@id\":\"https:\/\/lutra.si\/en\/product\/the-otter-in-the-pond\/#breadcrumb\",\"itemListElement\":[{\"@type\":\"ListItem\",\"position\":1,\"name\":\"Home\",\"item\":\"https:\/\/lutra.si\/en\/\"},{\"@type\":\"ListItem\",\"position\":2,\"name\":\"Shop\",\"item\":\"https:\/\/lutra.si\/en\/shop\/\"},{\"@type\":\"ListItem\",\"position\":3,\"name\":\"The Otter in the Pond (publication)\"}]},{\"@type\":\"WebSite\",\"@id\":\"https:\/\/lutra.si\/#website\",\"url\":\"https:\/\/lutra.si\/\",\"name\":\"Lutra, In\u0161titut za ohranjanje naravne dedi\u0161\u010dine\",\"description\":\"\",\"publisher\":{\"@id\":\"https:\/\/lutra.si\/#organization\"},\"potentialAction\":[{\"@type\":\"SearchAction\",\"target\":{\"@type\":\"EntryPoint\",\"urlTemplate\":\"https:\/\/lutra.si\/?s={search_term_string}\"},\"query-input\":{\"@type\":\"PropertyValueSpecification\",\"valueRequired\":true,\"valueName\":\"search_term_string\"}}],\"inLanguage\":\"en-US\"},{\"@type\":\"Organization\",\"@id\":\"https:\/\/lutra.si\/#organization\",\"name\":\"LUTRA, In\u0161titut za ohranjanje naravne dedi\u0161\u010dine\",\"url\":\"https:\/\/lutra.si\/\",\"logo\":{\"@type\":\"ImageObject\",\"inLanguage\":\"en-US\",\"@id\":\"https:\/\/lutra.si\/#\/schema\/logo\/image\/\",\"url\":\"https:\/\/lutra.si\/wp-content\/uploads\/2021\/06\/Lutra-znak-colorizbrani-e1695361259682.jpg\",\"contentUrl\":\"https:\/\/lutra.si\/wp-content\/uploads\/2021\/06\/Lutra-znak-colorizbrani-e1695361259682.jpg\",\"width\":500,\"height\":707,\"caption\":\"LUTRA, In\u0161titut za ohranjanje naravne dedi\u0161\u010dine\"},\"image\":{\"@id\":\"https:\/\/lutra.si\/#\/schema\/logo\/image\/\"},\"sameAs\":[\"https:\/\/www.facebook.com\/LutraInstitut\"]}]}<\/script>\n<!-- \/ Yoast SEO plugin. -->","yoast_head_json":{"title":"The Otter in the Pond (publication) - Lutra, In\u0161titut za ohranjanje naravne dedi\u0161\u010dine","robots":{"index":"index","follow":"follow","max-snippet":"max-snippet:-1","max-image-preview":"max-image-preview:large","max-video-preview":"max-video-preview:-1"},"canonical":"https:\/\/lutra.si\/en\/product\/the-otter-in-the-pond\/","og_locale":"en_US","og_type":"article","og_title":"The Otter in the Pond (publication) - Lutra, In\u0161titut za ohranjanje naravne dedi\u0161\u010dine","og_description":"The publication \u201cOtter in the pond\u201d is intended for all owners of ponds whose ponds otters visit. In it you will find answers to various questions, also those people who [&hellip;]","og_url":"https:\/\/lutra.si\/en\/product\/the-otter-in-the-pond\/","og_site_name":"Lutra, In\u0161titut za ohranjanje naravne dedi\u0161\u010dine","article_publisher":"https:\/\/www.facebook.com\/LutraInstitut","article_modified_time":"2020-03-31T09:25:15+00:00","og_image":[{"width":1186,"height":1402,"url":"https:\/\/lutra.si\/wp-content\/uploads\/2019\/03\/Vidra-v-ribniku-zunanja-platnica-sprednja1-1.jpg","type":"image\/jpeg"}],"twitter_card":"summary_large_image","schema":{"@context":"https:\/\/schema.org","@graph":[{"@type":"WebPage","@id":"https:\/\/lutra.si\/en\/product\/the-otter-in-the-pond\/","url":"https:\/\/lutra.si\/en\/product\/the-otter-in-the-pond\/","name":"The Otter in the Pond (publication) - Lutra, In\u0161titut za ohranjanje naravne dedi\u0161\u010dine","isPartOf":{"@id":"https:\/\/lutra.si\/#website"},"primaryImageOfPage":{"@id":"https:\/\/lutra.si\/en\/product\/the-otter-in-the-pond\/#primaryimage"},"image":{"@id":"https:\/\/lutra.si\/en\/product\/the-otter-in-the-pond\/#primaryimage"},"thumbnailUrl":"https:\/\/lutra.si\/wp-content\/uploads\/2019\/03\/Vidra-v-ribniku-zunanja-platnica-sprednja1-1.jpg","datePublished":"2019-03-12T10:19:58+00:00","dateModified":"2020-03-31T09:25:15+00:00","breadcrumb":{"@id":"https:\/\/lutra.si\/en\/product\/the-otter-in-the-pond\/#breadcrumb"},"inLanguage":"en-US","potentialAction":[{"@type":"ReadAction","target":["https:\/\/lutra.si\/en\/product\/the-otter-in-the-pond\/"]}]},{"@type":"ImageObject","inLanguage":"en-US","@id":"https:\/\/lutra.si\/en\/product\/the-otter-in-the-pond\/#primaryimage","url":"https:\/\/lutra.si\/wp-content\/uploads\/2019\/03\/Vidra-v-ribniku-zunanja-platnica-sprednja1-1.jpg","contentUrl":"https:\/\/lutra.si\/wp-content\/uploads\/2019\/03\/Vidra-v-ribniku-zunanja-platnica-sprednja1-1.jpg","width":1186,"height":1402},{"@type":"BreadcrumbList","@id":"https:\/\/lutra.si\/en\/product\/the-otter-in-the-pond\/#breadcrumb","itemListElement":[{"@type":"ListItem","position":1,"name":"Home","item":"https:\/\/lutra.si\/en\/"},{"@type":"ListItem","position":2,"name":"Shop","item":"https:\/\/lutra.si\/en\/shop\/"},{"@type":"ListItem","position":3,"name":"The Otter in the Pond (publication)"}]},{"@type":"WebSite","@id":"https:\/\/lutra.si\/#website","url":"https:\/\/lutra.si\/","name":"Lutra, In\u0161titut za ohranjanje naravne dedi\u0161\u010dine","description":"","publisher":{"@id":"https:\/\/lutra.si\/#organization"},"potentialAction":[{"@type":"SearchAction","target":{"@type":"EntryPoint","urlTemplate":"https:\/\/lutra.si\/?s={search_term_string}"},"query-input":{"@type":"PropertyValueSpecification","valueRequired":true,"valueName":"search_term_string"}}],"inLanguage":"en-US"},{"@type":"Organization","@id":"https:\/\/lutra.si\/#organization","name":"LUTRA, In\u0161titut za ohranjanje naravne dedi\u0161\u010dine","url":"https:\/\/lutra.si\/","logo":{"@type":"ImageObject","inLanguage":"en-US","@id":"https:\/\/lutra.si\/#\/schema\/logo\/image\/","url":"https:\/\/lutra.si\/wp-content\/uploads\/2021\/06\/Lutra-znak-colorizbrani-e1695361259682.jpg","contentUrl":"https:\/\/lutra.si\/wp-content\/uploads\/2021\/06\/Lutra-znak-colorizbrani-e1695361259682.jpg","width":500,"height":707,"caption":"LUTRA, In\u0161titut za ohranjanje naravne dedi\u0161\u010dine"},"image":{"@id":"https:\/\/lutra.si\/#\/schema\/logo\/image\/"},"sameAs":["https:\/\/www.facebook.com\/LutraInstitut"]}]}},"_links":{"self":[{"href":"https:\/\/lutra.si\/en\/wp-json\/wp\/v2\/product\/9139","targetHints":{"allow":["GET"]}}],"collection":[{"href":"https:\/\/lutra.si\/en\/wp-json\/wp\/v2\/product"}],"about":[{"href":"https:\/\/lutra.si\/en\/wp-json\/wp\/v2\/types\/product"}],"wp:featuredmedia":[{"embeddable":true,"href":"https:\/\/lutra.si\/en\/wp-json\/wp\/v2\/media\/9136"}],"wp:attachment":[{"href":"https:\/\/lutra.si\/en\/wp-json\/wp\/v2\/media?parent=9139"}],"wp:term":[{"taxonomy":"product_brand","embeddable":true,"href":"https:\/\/lutra.si\/en\/wp-json\/wp\/v2\/product_brand?post=9139"},{"taxonomy":"product_cat","embeddable":true,"href":"https:\/\/lutra.si\/en\/wp-json\/wp\/v2\/product_cat?post=9139"},{"taxonomy":"product_tag","embeddable":true,"href":"https:\/\/lutra.si\/en\/wp-json\/wp\/v2\/product_tag?post=9139"}],"curies":[{"name":"wp","href":"https:\/\/api.w.org\/{rel}","templated":true}]}}