{"id":7532,"date":"2017-07-25T15:38:38","date_gmt":"2017-07-25T14:38:38","guid":{"rendered":"http:\/\/lutra.si\/izdelek\/bandana\/"},"modified":"2020-03-31T09:51:01","modified_gmt":"2020-03-31T08:51:01","slug":"bandana","status":"publish","type":"product","link":"https:\/\/lutra.si\/en\/product\/bandana\/","title":{"rendered":"Bandana"},"content":{"rendered":"<p>Bandana is a popular cover that binds on the back with two strips. It is made of thin material, suitable for hot summer days. It is available in three colors, each one adroned with logo of the successful LIFE project Aqualutra.<\/p>\n<p>Size: universal<br \/>\nColor: black, blue, turquoise<\/p>\n","protected":false},"excerpt":{"rendered":"<p>Bandana is a popular cover that binds on the back with two strips. It is made of thin material, suitable for hot summer days. It is available in three colors, [&hellip;]<\/p>\n","protected":false},"featured_media":11404,"template":"","meta":{"episode_type":"","audio_file":"","cover_image":"","cover_image_id":"","duration":"","filesize":"","date_recorded":"","explicit":"","block":"","filesize_raw":""},"product_brand":[],"product_cat":[],"product_tag":[],"class_list":{"0":"post-7532","1":"product","2":"type-product","3":"status-publish","4":"has-post-thumbnail","6":"pif-has-gallery","8":"first","9":"instock","10":"taxable","11":"shipping-taxable","12":"purchasable","13":"product-type-variable"},"yoast_head":"<!-- This site is optimized with the Yoast SEO plugin v24.3 - https:\/\/yoast.com\/wordpress\/plugins\/seo\/ -->\n<title>Bandana - Lutra, In\u0161titut za ohranjanje naravne dedi\u0161\u010dine<\/title>\n<meta name=\"robots\" content=\"index, follow, max-snippet:-1, max-image-preview:large, max-video-preview:-1\" \/>\n<link rel=\"canonical\" href=\"https:\/\/lutra.si\/en\/product\/bandana\/\" \/>\n<meta property=\"og:locale\" content=\"en_US\" \/>\n<meta property=\"og:type\" content=\"article\" \/>\n<meta property=\"og:title\" content=\"Bandana - Lutra, In\u0161titut za ohranjanje naravne dedi\u0161\u010dine\" \/>\n<meta property=\"og:description\" content=\"Bandana is a popular cover that binds on the back with two strips. It is made of thin material, suitable for hot summer days. It is available in three colors, [&hellip;]\" \/>\n<meta property=\"og:url\" content=\"https:\/\/lutra.si\/en\/product\/bandana\/\" \/>\n<meta property=\"og:site_name\" content=\"Lutra, In\u0161titut za ohranjanje naravne dedi\u0161\u010dine\" \/>\n<meta property=\"article:publisher\" content=\"https:\/\/www.facebook.com\/LutraInstitut\" \/>\n<meta property=\"article:modified_time\" content=\"2020-03-31T08:51:01+00:00\" \/>\n<meta property=\"og:image\" content=\"https:\/\/lutra.si\/wp-content\/uploads\/2017\/07\/05_bandana2-1-scaled.jpg\" \/>\n\t<meta property=\"og:image:width\" content=\"2560\" \/>\n\t<meta property=\"og:image:height\" content=\"1773\" \/>\n\t<meta property=\"og:image:type\" content=\"image\/jpeg\" \/>\n<meta name=\"twitter:card\" content=\"summary_large_image\" \/>\n<script type=\"application\/ld+json\" class=\"yoast-schema-graph\">{\"@context\":\"https:\/\/schema.org\",\"@graph\":[{\"@type\":\"WebPage\",\"@id\":\"https:\/\/lutra.si\/en\/product\/bandana\/\",\"url\":\"https:\/\/lutra.si\/en\/product\/bandana\/\",\"name\":\"Bandana - Lutra, In\u0161titut za ohranjanje naravne dedi\u0161\u010dine\",\"isPartOf\":{\"@id\":\"https:\/\/lutra.si\/#website\"},\"primaryImageOfPage\":{\"@id\":\"https:\/\/lutra.si\/en\/product\/bandana\/#primaryimage\"},\"image\":{\"@id\":\"https:\/\/lutra.si\/en\/product\/bandana\/#primaryimage\"},\"thumbnailUrl\":\"https:\/\/lutra.si\/wp-content\/uploads\/2017\/07\/05_bandana2-1-scaled.jpg\",\"datePublished\":\"2017-07-25T14:38:38+00:00\",\"dateModified\":\"2020-03-31T08:51:01+00:00\",\"breadcrumb\":{\"@id\":\"https:\/\/lutra.si\/en\/product\/bandana\/#breadcrumb\"},\"inLanguage\":\"en-US\",\"potentialAction\":[{\"@type\":\"ReadAction\",\"target\":[\"https:\/\/lutra.si\/en\/product\/bandana\/\"]}]},{\"@type\":\"ImageObject\",\"inLanguage\":\"en-US\",\"@id\":\"https:\/\/lutra.si\/en\/product\/bandana\/#primaryimage\",\"url\":\"https:\/\/lutra.si\/wp-content\/uploads\/2017\/07\/05_bandana2-1-scaled.jpg\",\"contentUrl\":\"https:\/\/lutra.si\/wp-content\/uploads\/2017\/07\/05_bandana2-1-scaled.jpg\",\"width\":2560,\"height\":1773},{\"@type\":\"BreadcrumbList\",\"@id\":\"https:\/\/lutra.si\/en\/product\/bandana\/#breadcrumb\",\"itemListElement\":[{\"@type\":\"ListItem\",\"position\":1,\"name\":\"Home\",\"item\":\"https:\/\/lutra.si\/en\/\"},{\"@type\":\"ListItem\",\"position\":2,\"name\":\"Shop\",\"item\":\"https:\/\/lutra.si\/en\/shop\/\"},{\"@type\":\"ListItem\",\"position\":3,\"name\":\"Bandana\"}]},{\"@type\":\"WebSite\",\"@id\":\"https:\/\/lutra.si\/#website\",\"url\":\"https:\/\/lutra.si\/\",\"name\":\"Lutra, In\u0161titut za ohranjanje naravne dedi\u0161\u010dine\",\"description\":\"\",\"publisher\":{\"@id\":\"https:\/\/lutra.si\/#organization\"},\"potentialAction\":[{\"@type\":\"SearchAction\",\"target\":{\"@type\":\"EntryPoint\",\"urlTemplate\":\"https:\/\/lutra.si\/?s={search_term_string}\"},\"query-input\":{\"@type\":\"PropertyValueSpecification\",\"valueRequired\":true,\"valueName\":\"search_term_string\"}}],\"inLanguage\":\"en-US\"},{\"@type\":\"Organization\",\"@id\":\"https:\/\/lutra.si\/#organization\",\"name\":\"LUTRA, In\u0161titut za ohranjanje naravne dedi\u0161\u010dine\",\"url\":\"https:\/\/lutra.si\/\",\"logo\":{\"@type\":\"ImageObject\",\"inLanguage\":\"en-US\",\"@id\":\"https:\/\/lutra.si\/#\/schema\/logo\/image\/\",\"url\":\"https:\/\/lutra.si\/wp-content\/uploads\/2021\/06\/Lutra-znak-colorizbrani-e1695361259682.jpg\",\"contentUrl\":\"https:\/\/lutra.si\/wp-content\/uploads\/2021\/06\/Lutra-znak-colorizbrani-e1695361259682.jpg\",\"width\":500,\"height\":707,\"caption\":\"LUTRA, In\u0161titut za ohranjanje naravne dedi\u0161\u010dine\"},\"image\":{\"@id\":\"https:\/\/lutra.si\/#\/schema\/logo\/image\/\"},\"sameAs\":[\"https:\/\/www.facebook.com\/LutraInstitut\"]}]}<\/script>\n<!-- \/ Yoast SEO plugin. -->","yoast_head_json":{"title":"Bandana - Lutra, In\u0161titut za ohranjanje naravne dedi\u0161\u010dine","robots":{"index":"index","follow":"follow","max-snippet":"max-snippet:-1","max-image-preview":"max-image-preview:large","max-video-preview":"max-video-preview:-1"},"canonical":"https:\/\/lutra.si\/en\/product\/bandana\/","og_locale":"en_US","og_type":"article","og_title":"Bandana - Lutra, In\u0161titut za ohranjanje naravne dedi\u0161\u010dine","og_description":"Bandana is a popular cover that binds on the back with two strips. It is made of thin material, suitable for hot summer days. It is available in three colors, [&hellip;]","og_url":"https:\/\/lutra.si\/en\/product\/bandana\/","og_site_name":"Lutra, In\u0161titut za ohranjanje naravne dedi\u0161\u010dine","article_publisher":"https:\/\/www.facebook.com\/LutraInstitut","article_modified_time":"2020-03-31T08:51:01+00:00","og_image":[{"width":2560,"height":1773,"url":"https:\/\/lutra.si\/wp-content\/uploads\/2017\/07\/05_bandana2-1-scaled.jpg","type":"image\/jpeg"}],"twitter_card":"summary_large_image","schema":{"@context":"https:\/\/schema.org","@graph":[{"@type":"WebPage","@id":"https:\/\/lutra.si\/en\/product\/bandana\/","url":"https:\/\/lutra.si\/en\/product\/bandana\/","name":"Bandana - Lutra, In\u0161titut za ohranjanje naravne dedi\u0161\u010dine","isPartOf":{"@id":"https:\/\/lutra.si\/#website"},"primaryImageOfPage":{"@id":"https:\/\/lutra.si\/en\/product\/bandana\/#primaryimage"},"image":{"@id":"https:\/\/lutra.si\/en\/product\/bandana\/#primaryimage"},"thumbnailUrl":"https:\/\/lutra.si\/wp-content\/uploads\/2017\/07\/05_bandana2-1-scaled.jpg","datePublished":"2017-07-25T14:38:38+00:00","dateModified":"2020-03-31T08:51:01+00:00","breadcrumb":{"@id":"https:\/\/lutra.si\/en\/product\/bandana\/#breadcrumb"},"inLanguage":"en-US","potentialAction":[{"@type":"ReadAction","target":["https:\/\/lutra.si\/en\/product\/bandana\/"]}]},{"@type":"ImageObject","inLanguage":"en-US","@id":"https:\/\/lutra.si\/en\/product\/bandana\/#primaryimage","url":"https:\/\/lutra.si\/wp-content\/uploads\/2017\/07\/05_bandana2-1-scaled.jpg","contentUrl":"https:\/\/lutra.si\/wp-content\/uploads\/2017\/07\/05_bandana2-1-scaled.jpg","width":2560,"height":1773},{"@type":"BreadcrumbList","@id":"https:\/\/lutra.si\/en\/product\/bandana\/#breadcrumb","itemListElement":[{"@type":"ListItem","position":1,"name":"Home","item":"https:\/\/lutra.si\/en\/"},{"@type":"ListItem","position":2,"name":"Shop","item":"https:\/\/lutra.si\/en\/shop\/"},{"@type":"ListItem","position":3,"name":"Bandana"}]},{"@type":"WebSite","@id":"https:\/\/lutra.si\/#website","url":"https:\/\/lutra.si\/","name":"Lutra, In\u0161titut za ohranjanje naravne dedi\u0161\u010dine","description":"","publisher":{"@id":"https:\/\/lutra.si\/#organization"},"potentialAction":[{"@type":"SearchAction","target":{"@type":"EntryPoint","urlTemplate":"https:\/\/lutra.si\/?s={search_term_string}"},"query-input":{"@type":"PropertyValueSpecification","valueRequired":true,"valueName":"search_term_string"}}],"inLanguage":"en-US"},{"@type":"Organization","@id":"https:\/\/lutra.si\/#organization","name":"LUTRA, In\u0161titut za ohranjanje naravne dedi\u0161\u010dine","url":"https:\/\/lutra.si\/","logo":{"@type":"ImageObject","inLanguage":"en-US","@id":"https:\/\/lutra.si\/#\/schema\/logo\/image\/","url":"https:\/\/lutra.si\/wp-content\/uploads\/2021\/06\/Lutra-znak-colorizbrani-e1695361259682.jpg","contentUrl":"https:\/\/lutra.si\/wp-content\/uploads\/2021\/06\/Lutra-znak-colorizbrani-e1695361259682.jpg","width":500,"height":707,"caption":"LUTRA, In\u0161titut za ohranjanje naravne dedi\u0161\u010dine"},"image":{"@id":"https:\/\/lutra.si\/#\/schema\/logo\/image\/"},"sameAs":["https:\/\/www.facebook.com\/LutraInstitut"]}]}},"_links":{"self":[{"href":"https:\/\/lutra.si\/en\/wp-json\/wp\/v2\/product\/7532","targetHints":{"allow":["GET"]}}],"collection":[{"href":"https:\/\/lutra.si\/en\/wp-json\/wp\/v2\/product"}],"about":[{"href":"https:\/\/lutra.si\/en\/wp-json\/wp\/v2\/types\/product"}],"wp:featuredmedia":[{"embeddable":true,"href":"https:\/\/lutra.si\/en\/wp-json\/wp\/v2\/media\/11404"}],"wp:attachment":[{"href":"https:\/\/lutra.si\/en\/wp-json\/wp\/v2\/media?parent=7532"}],"wp:term":[{"taxonomy":"product_brand","embeddable":true,"href":"https:\/\/lutra.si\/en\/wp-json\/wp\/v2\/product_brand?post=7532"},{"taxonomy":"product_cat","embeddable":true,"href":"https:\/\/lutra.si\/en\/wp-json\/wp\/v2\/product_cat?post=7532"},{"taxonomy":"product_tag","embeddable":true,"href":"https:\/\/lutra.si\/en\/wp-json\/wp\/v2\/product_tag?post=7532"}],"curies":[{"name":"wp","href":"https:\/\/api.w.org\/{rel}","templated":true}]}}