{"id":7520,"date":"2017-07-25T16:04:06","date_gmt":"2017-07-25T15:04:06","guid":{"rendered":"http:\/\/lutra.si\/izdelek\/coloring-book-otter-catch-me-if-you-can\/"},"modified":"2017-07-25T16:04:06","modified_gmt":"2017-07-25T15:04:06","slug":"coloring-book-otter-catch-me-if-you-can","status":"publish","type":"product","link":"https:\/\/lutra.si\/en\/product\/coloring-book-otter-catch-me-if-you-can\/","title":{"rendered":"Coloring book &#8220;Otter, catch me if you can!&#8221;"},"content":{"rendered":"<p>A large coloring book brings a lot of fun in learning about nature. Talk about the diversity of life and make a dietary pyramid from the coloured sheets! Who will be at the top?<\/p>\n<p>No. pages: 10<br \/>\nYear of publication: 2012<br \/>\nLanguage: Slovenian<br \/>\nPublisher: LUTRA, Institute for Conservation of Natural Heritage, Ljubljana<\/p>\n","protected":false},"excerpt":{"rendered":"<p>A large coloring book brings a lot of fun in learning about nature. Talk about the diversity of life and make a dietary pyramid from the coloured sheets! Who will [&hellip;]<\/p>\n","protected":false},"featured_media":11451,"template":"","meta":{"episode_type":"","audio_file":"","cover_image":"","cover_image_id":"","duration":"","filesize":"","date_recorded":"","explicit":"","block":"","filesize_raw":""},"product_brand":[],"product_cat":[],"product_tag":[],"class_list":{"0":"post-7520","1":"product","2":"type-product","3":"status-publish","4":"has-post-thumbnail","7":"first","8":"instock","9":"taxable","10":"shipping-taxable","11":"purchasable","12":"product-type-simple"},"yoast_head":"<!-- This site is optimized with the Yoast SEO plugin v24.3 - https:\/\/yoast.com\/wordpress\/plugins\/seo\/ -->\n<title>Coloring book &quot;Otter, catch me if you can!&quot; - Lutra, In\u0161titut za ohranjanje naravne dedi\u0161\u010dine<\/title>\n<meta name=\"robots\" content=\"index, follow, max-snippet:-1, max-image-preview:large, max-video-preview:-1\" \/>\n<link rel=\"canonical\" href=\"https:\/\/lutra.si\/en\/product\/coloring-book-otter-catch-me-if-you-can\/\" \/>\n<meta property=\"og:locale\" content=\"en_US\" \/>\n<meta property=\"og:type\" content=\"article\" \/>\n<meta property=\"og:title\" content=\"Coloring book &quot;Otter, catch me if you can!&quot; - Lutra, In\u0161titut za ohranjanje naravne dedi\u0161\u010dine\" \/>\n<meta property=\"og:description\" content=\"A large coloring book brings a lot of fun in learning about nature. Talk about the diversity of life and make a dietary pyramid from the coloured sheets! Who will [&hellip;]\" \/>\n<meta property=\"og:url\" content=\"https:\/\/lutra.si\/en\/product\/coloring-book-otter-catch-me-if-you-can\/\" \/>\n<meta property=\"og:site_name\" content=\"Lutra, In\u0161titut za ohranjanje naravne dedi\u0161\u010dine\" \/>\n<meta property=\"article:publisher\" content=\"https:\/\/www.facebook.com\/LutraInstitut\" \/>\n<meta property=\"og:image\" content=\"https:\/\/lutra.si\/wp-content\/uploads\/2017\/06\/Vidra-ti-lovi\u0161-818x1024.png\" \/>\n\t<meta property=\"og:image:width\" content=\"818\" \/>\n\t<meta property=\"og:image:height\" content=\"1024\" \/>\n\t<meta property=\"og:image:type\" content=\"image\/png\" \/>\n<meta name=\"twitter:card\" content=\"summary_large_image\" \/>\n<script type=\"application\/ld+json\" class=\"yoast-schema-graph\">{\"@context\":\"https:\/\/schema.org\",\"@graph\":[{\"@type\":\"WebPage\",\"@id\":\"https:\/\/lutra.si\/en\/product\/coloring-book-otter-catch-me-if-you-can\/\",\"url\":\"https:\/\/lutra.si\/en\/product\/coloring-book-otter-catch-me-if-you-can\/\",\"name\":\"Coloring book \\\"Otter, catch me if you can!\\\" - Lutra, In\u0161titut za ohranjanje naravne dedi\u0161\u010dine\",\"isPartOf\":{\"@id\":\"https:\/\/lutra.si\/#website\"},\"primaryImageOfPage\":{\"@id\":\"https:\/\/lutra.si\/en\/product\/coloring-book-otter-catch-me-if-you-can\/#primaryimage\"},\"image\":{\"@id\":\"https:\/\/lutra.si\/en\/product\/coloring-book-otter-catch-me-if-you-can\/#primaryimage\"},\"thumbnailUrl\":\"https:\/\/lutra.si\/wp-content\/uploads\/2017\/07\/20_pobarvanka_vidratilovis-1-scaled.jpg\",\"datePublished\":\"2017-07-25T15:04:06+00:00\",\"dateModified\":\"2017-07-25T15:04:06+00:00\",\"breadcrumb\":{\"@id\":\"https:\/\/lutra.si\/en\/product\/coloring-book-otter-catch-me-if-you-can\/#breadcrumb\"},\"inLanguage\":\"en-US\",\"potentialAction\":[{\"@type\":\"ReadAction\",\"target\":[\"https:\/\/lutra.si\/en\/product\/coloring-book-otter-catch-me-if-you-can\/\"]}]},{\"@type\":\"ImageObject\",\"inLanguage\":\"en-US\",\"@id\":\"https:\/\/lutra.si\/en\/product\/coloring-book-otter-catch-me-if-you-can\/#primaryimage\",\"url\":\"https:\/\/lutra.si\/wp-content\/uploads\/2017\/07\/20_pobarvanka_vidratilovis-1-scaled.jpg\",\"contentUrl\":\"https:\/\/lutra.si\/wp-content\/uploads\/2017\/07\/20_pobarvanka_vidratilovis-1-scaled.jpg\",\"width\":2560,\"height\":1785},{\"@type\":\"BreadcrumbList\",\"@id\":\"https:\/\/lutra.si\/en\/product\/coloring-book-otter-catch-me-if-you-can\/#breadcrumb\",\"itemListElement\":[{\"@type\":\"ListItem\",\"position\":1,\"name\":\"Home\",\"item\":\"https:\/\/lutra.si\/en\/\"},{\"@type\":\"ListItem\",\"position\":2,\"name\":\"Shop\",\"item\":\"https:\/\/lutra.si\/en\/shop\/\"},{\"@type\":\"ListItem\",\"position\":3,\"name\":\"Coloring book &#8220;Otter, catch me if you can!&#8221;\"}]},{\"@type\":\"WebSite\",\"@id\":\"https:\/\/lutra.si\/#website\",\"url\":\"https:\/\/lutra.si\/\",\"name\":\"Lutra, In\u0161titut za ohranjanje naravne dedi\u0161\u010dine\",\"description\":\"\",\"publisher\":{\"@id\":\"https:\/\/lutra.si\/#organization\"},\"potentialAction\":[{\"@type\":\"SearchAction\",\"target\":{\"@type\":\"EntryPoint\",\"urlTemplate\":\"https:\/\/lutra.si\/?s={search_term_string}\"},\"query-input\":{\"@type\":\"PropertyValueSpecification\",\"valueRequired\":true,\"valueName\":\"search_term_string\"}}],\"inLanguage\":\"en-US\"},{\"@type\":\"Organization\",\"@id\":\"https:\/\/lutra.si\/#organization\",\"name\":\"LUTRA, In\u0161titut za ohranjanje naravne dedi\u0161\u010dine\",\"url\":\"https:\/\/lutra.si\/\",\"logo\":{\"@type\":\"ImageObject\",\"inLanguage\":\"en-US\",\"@id\":\"https:\/\/lutra.si\/#\/schema\/logo\/image\/\",\"url\":\"https:\/\/lutra.si\/wp-content\/uploads\/2021\/06\/Lutra-znak-colorizbrani-e1695361259682.jpg\",\"contentUrl\":\"https:\/\/lutra.si\/wp-content\/uploads\/2021\/06\/Lutra-znak-colorizbrani-e1695361259682.jpg\",\"width\":500,\"height\":707,\"caption\":\"LUTRA, In\u0161titut za ohranjanje naravne dedi\u0161\u010dine\"},\"image\":{\"@id\":\"https:\/\/lutra.si\/#\/schema\/logo\/image\/\"},\"sameAs\":[\"https:\/\/www.facebook.com\/LutraInstitut\"]}]}<\/script>\n<!-- \/ Yoast SEO plugin. -->","yoast_head_json":{"title":"Coloring book \"Otter, catch me if you can!\" - Lutra, In\u0161titut za ohranjanje naravne dedi\u0161\u010dine","robots":{"index":"index","follow":"follow","max-snippet":"max-snippet:-1","max-image-preview":"max-image-preview:large","max-video-preview":"max-video-preview:-1"},"canonical":"https:\/\/lutra.si\/en\/product\/coloring-book-otter-catch-me-if-you-can\/","og_locale":"en_US","og_type":"article","og_title":"Coloring book \"Otter, catch me if you can!\" - Lutra, In\u0161titut za ohranjanje naravne dedi\u0161\u010dine","og_description":"A large coloring book brings a lot of fun in learning about nature. Talk about the diversity of life and make a dietary pyramid from the coloured sheets! Who will [&hellip;]","og_url":"https:\/\/lutra.si\/en\/product\/coloring-book-otter-catch-me-if-you-can\/","og_site_name":"Lutra, In\u0161titut za ohranjanje naravne dedi\u0161\u010dine","article_publisher":"https:\/\/www.facebook.com\/LutraInstitut","og_image":[{"width":818,"height":1024,"url":"https:\/\/lutra.si\/wp-content\/uploads\/2017\/06\/Vidra-ti-lovi\u0161-818x1024.png","type":"image\/png"}],"twitter_card":"summary_large_image","schema":{"@context":"https:\/\/schema.org","@graph":[{"@type":"WebPage","@id":"https:\/\/lutra.si\/en\/product\/coloring-book-otter-catch-me-if-you-can\/","url":"https:\/\/lutra.si\/en\/product\/coloring-book-otter-catch-me-if-you-can\/","name":"Coloring book \"Otter, catch me if you can!\" - Lutra, In\u0161titut za ohranjanje naravne dedi\u0161\u010dine","isPartOf":{"@id":"https:\/\/lutra.si\/#website"},"primaryImageOfPage":{"@id":"https:\/\/lutra.si\/en\/product\/coloring-book-otter-catch-me-if-you-can\/#primaryimage"},"image":{"@id":"https:\/\/lutra.si\/en\/product\/coloring-book-otter-catch-me-if-you-can\/#primaryimage"},"thumbnailUrl":"https:\/\/lutra.si\/wp-content\/uploads\/2017\/07\/20_pobarvanka_vidratilovis-1-scaled.jpg","datePublished":"2017-07-25T15:04:06+00:00","dateModified":"2017-07-25T15:04:06+00:00","breadcrumb":{"@id":"https:\/\/lutra.si\/en\/product\/coloring-book-otter-catch-me-if-you-can\/#breadcrumb"},"inLanguage":"en-US","potentialAction":[{"@type":"ReadAction","target":["https:\/\/lutra.si\/en\/product\/coloring-book-otter-catch-me-if-you-can\/"]}]},{"@type":"ImageObject","inLanguage":"en-US","@id":"https:\/\/lutra.si\/en\/product\/coloring-book-otter-catch-me-if-you-can\/#primaryimage","url":"https:\/\/lutra.si\/wp-content\/uploads\/2017\/07\/20_pobarvanka_vidratilovis-1-scaled.jpg","contentUrl":"https:\/\/lutra.si\/wp-content\/uploads\/2017\/07\/20_pobarvanka_vidratilovis-1-scaled.jpg","width":2560,"height":1785},{"@type":"BreadcrumbList","@id":"https:\/\/lutra.si\/en\/product\/coloring-book-otter-catch-me-if-you-can\/#breadcrumb","itemListElement":[{"@type":"ListItem","position":1,"name":"Home","item":"https:\/\/lutra.si\/en\/"},{"@type":"ListItem","position":2,"name":"Shop","item":"https:\/\/lutra.si\/en\/shop\/"},{"@type":"ListItem","position":3,"name":"Coloring book &#8220;Otter, catch me if you can!&#8221;"}]},{"@type":"WebSite","@id":"https:\/\/lutra.si\/#website","url":"https:\/\/lutra.si\/","name":"Lutra, In\u0161titut za ohranjanje naravne dedi\u0161\u010dine","description":"","publisher":{"@id":"https:\/\/lutra.si\/#organization"},"potentialAction":[{"@type":"SearchAction","target":{"@type":"EntryPoint","urlTemplate":"https:\/\/lutra.si\/?s={search_term_string}"},"query-input":{"@type":"PropertyValueSpecification","valueRequired":true,"valueName":"search_term_string"}}],"inLanguage":"en-US"},{"@type":"Organization","@id":"https:\/\/lutra.si\/#organization","name":"LUTRA, In\u0161titut za ohranjanje naravne dedi\u0161\u010dine","url":"https:\/\/lutra.si\/","logo":{"@type":"ImageObject","inLanguage":"en-US","@id":"https:\/\/lutra.si\/#\/schema\/logo\/image\/","url":"https:\/\/lutra.si\/wp-content\/uploads\/2021\/06\/Lutra-znak-colorizbrani-e1695361259682.jpg","contentUrl":"https:\/\/lutra.si\/wp-content\/uploads\/2021\/06\/Lutra-znak-colorizbrani-e1695361259682.jpg","width":500,"height":707,"caption":"LUTRA, In\u0161titut za ohranjanje naravne dedi\u0161\u010dine"},"image":{"@id":"https:\/\/lutra.si\/#\/schema\/logo\/image\/"},"sameAs":["https:\/\/www.facebook.com\/LutraInstitut"]}]}},"_links":{"self":[{"href":"https:\/\/lutra.si\/en\/wp-json\/wp\/v2\/product\/7520","targetHints":{"allow":["GET"]}}],"collection":[{"href":"https:\/\/lutra.si\/en\/wp-json\/wp\/v2\/product"}],"about":[{"href":"https:\/\/lutra.si\/en\/wp-json\/wp\/v2\/types\/product"}],"wp:featuredmedia":[{"embeddable":true,"href":"https:\/\/lutra.si\/en\/wp-json\/wp\/v2\/media\/11451"}],"wp:attachment":[{"href":"https:\/\/lutra.si\/en\/wp-json\/wp\/v2\/media?parent=7520"}],"wp:term":[{"taxonomy":"product_brand","embeddable":true,"href":"https:\/\/lutra.si\/en\/wp-json\/wp\/v2\/product_brand?post=7520"},{"taxonomy":"product_cat","embeddable":true,"href":"https:\/\/lutra.si\/en\/wp-json\/wp\/v2\/product_cat?post=7520"},{"taxonomy":"product_tag","embeddable":true,"href":"https:\/\/lutra.si\/en\/wp-json\/wp\/v2\/product_tag?post=7520"}],"curies":[{"name":"wp","href":"https:\/\/api.w.org\/{rel}","templated":true}]}}