{"id":7518,"date":"2017-11-25T12:07:25","date_gmt":"2017-11-25T11:07:25","guid":{"rendered":"http:\/\/lutra.si\/izdelek\/booklet-drops-of-sceience\/"},"modified":"2017-11-25T12:07:25","modified_gmt":"2017-11-25T11:07:25","slug":"booklet-drops-of-sceience","status":"publish","type":"product","link":"https:\/\/lutra.si\/en\/product\/booklet-drops-of-sceience\/","title":{"rendered":"Booklet Drops of Sceience"},"content":{"rendered":"<p>The booklet was issued at the end of the Drops of Science education program and represents the most important results of the project, which was supported by the Ministry of Higher Education, Science and Technology and was performed with partner association DOVES within the project &#8220;Ecoschool as a way of life&#8221;.<\/p>\n<p>No. pages: 42<br \/>\nYear of publication: 2009<br \/>\nLanguage: Slovenian<br \/>\nPublisher: LUTRA, Institute for Conservation of Natural Heritage, Ljubljana<\/p>\n","protected":false},"excerpt":{"rendered":"<p>The booklet was issued at the end of the Drops of Science education program and represents the most important results of the project, which was supported by the Ministry of [&hellip;]<\/p>\n","protected":false},"featured_media":6790,"template":"","meta":{"episode_type":"","audio_file":"","cover_image":"","cover_image_id":"","duration":"","filesize":"","date_recorded":"","explicit":"","block":"","filesize_raw":""},"product_brand":[],"product_cat":[],"product_tag":[],"class_list":{"0":"post-7518","1":"product","2":"type-product","3":"status-publish","4":"has-post-thumbnail","7":"first","8":"instock","9":"taxable","10":"shipping-taxable","11":"purchasable","12":"product-type-simple"},"yoast_head":"<!-- This site is optimized with the Yoast SEO plugin v24.3 - https:\/\/yoast.com\/wordpress\/plugins\/seo\/ -->\n<title>Booklet Drops of Sceience - Lutra, In\u0161titut za ohranjanje naravne dedi\u0161\u010dine<\/title>\n<meta name=\"robots\" content=\"index, follow, max-snippet:-1, max-image-preview:large, max-video-preview:-1\" \/>\n<link rel=\"canonical\" href=\"https:\/\/lutra.si\/en\/product\/booklet-drops-of-sceience\/\" \/>\n<meta property=\"og:locale\" content=\"en_US\" \/>\n<meta property=\"og:type\" content=\"article\" \/>\n<meta property=\"og:title\" content=\"Booklet Drops of Sceience - Lutra, In\u0161titut za ohranjanje naravne dedi\u0161\u010dine\" \/>\n<meta property=\"og:description\" content=\"The booklet was issued at the end of the Drops of Science education program and represents the most important results of the project, which was supported by the Ministry of [&hellip;]\" \/>\n<meta property=\"og:url\" content=\"https:\/\/lutra.si\/en\/product\/booklet-drops-of-sceience\/\" \/>\n<meta property=\"og:site_name\" content=\"Lutra, In\u0161titut za ohranjanje naravne dedi\u0161\u010dine\" \/>\n<meta property=\"article:publisher\" content=\"https:\/\/www.facebook.com\/LutraInstitut\" \/>\n<meta property=\"og:image\" content=\"https:\/\/lutra.si\/wp-content\/uploads\/2017\/07\/zbornikkapljice.jpg\" \/>\n\t<meta property=\"og:image:width\" content=\"606\" \/>\n\t<meta property=\"og:image:height\" content=\"772\" \/>\n\t<meta property=\"og:image:type\" content=\"image\/jpeg\" \/>\n<meta name=\"twitter:card\" content=\"summary_large_image\" \/>\n<script type=\"application\/ld+json\" class=\"yoast-schema-graph\">{\"@context\":\"https:\/\/schema.org\",\"@graph\":[{\"@type\":\"WebPage\",\"@id\":\"https:\/\/lutra.si\/en\/product\/booklet-drops-of-sceience\/\",\"url\":\"https:\/\/lutra.si\/en\/product\/booklet-drops-of-sceience\/\",\"name\":\"Booklet Drops of Sceience - Lutra, In\u0161titut za ohranjanje naravne dedi\u0161\u010dine\",\"isPartOf\":{\"@id\":\"https:\/\/lutra.si\/#website\"},\"primaryImageOfPage\":{\"@id\":\"https:\/\/lutra.si\/en\/product\/booklet-drops-of-sceience\/#primaryimage\"},\"image\":{\"@id\":\"https:\/\/lutra.si\/en\/product\/booklet-drops-of-sceience\/#primaryimage\"},\"thumbnailUrl\":\"https:\/\/lutra.si\/wp-content\/uploads\/2017\/07\/zbornikkapljice.jpg\",\"datePublished\":\"2017-11-25T11:07:25+00:00\",\"dateModified\":\"2017-11-25T11:07:25+00:00\",\"breadcrumb\":{\"@id\":\"https:\/\/lutra.si\/en\/product\/booklet-drops-of-sceience\/#breadcrumb\"},\"inLanguage\":\"en-US\",\"potentialAction\":[{\"@type\":\"ReadAction\",\"target\":[\"https:\/\/lutra.si\/en\/product\/booklet-drops-of-sceience\/\"]}]},{\"@type\":\"ImageObject\",\"inLanguage\":\"en-US\",\"@id\":\"https:\/\/lutra.si\/en\/product\/booklet-drops-of-sceience\/#primaryimage\",\"url\":\"https:\/\/lutra.si\/wp-content\/uploads\/2017\/07\/zbornikkapljice.jpg\",\"contentUrl\":\"https:\/\/lutra.si\/wp-content\/uploads\/2017\/07\/zbornikkapljice.jpg\",\"width\":606,\"height\":772},{\"@type\":\"BreadcrumbList\",\"@id\":\"https:\/\/lutra.si\/en\/product\/booklet-drops-of-sceience\/#breadcrumb\",\"itemListElement\":[{\"@type\":\"ListItem\",\"position\":1,\"name\":\"Home\",\"item\":\"https:\/\/lutra.si\/en\/\"},{\"@type\":\"ListItem\",\"position\":2,\"name\":\"Shop\",\"item\":\"https:\/\/lutra.si\/en\/shop\/\"},{\"@type\":\"ListItem\",\"position\":3,\"name\":\"Booklet Drops of Sceience\"}]},{\"@type\":\"WebSite\",\"@id\":\"https:\/\/lutra.si\/#website\",\"url\":\"https:\/\/lutra.si\/\",\"name\":\"Lutra, In\u0161titut za ohranjanje naravne dedi\u0161\u010dine\",\"description\":\"\",\"publisher\":{\"@id\":\"https:\/\/lutra.si\/#organization\"},\"potentialAction\":[{\"@type\":\"SearchAction\",\"target\":{\"@type\":\"EntryPoint\",\"urlTemplate\":\"https:\/\/lutra.si\/?s={search_term_string}\"},\"query-input\":{\"@type\":\"PropertyValueSpecification\",\"valueRequired\":true,\"valueName\":\"search_term_string\"}}],\"inLanguage\":\"en-US\"},{\"@type\":\"Organization\",\"@id\":\"https:\/\/lutra.si\/#organization\",\"name\":\"LUTRA, In\u0161titut za ohranjanje naravne dedi\u0161\u010dine\",\"url\":\"https:\/\/lutra.si\/\",\"logo\":{\"@type\":\"ImageObject\",\"inLanguage\":\"en-US\",\"@id\":\"https:\/\/lutra.si\/#\/schema\/logo\/image\/\",\"url\":\"https:\/\/lutra.si\/wp-content\/uploads\/2021\/06\/Lutra-znak-colorizbrani-e1695361259682.jpg\",\"contentUrl\":\"https:\/\/lutra.si\/wp-content\/uploads\/2021\/06\/Lutra-znak-colorizbrani-e1695361259682.jpg\",\"width\":500,\"height\":707,\"caption\":\"LUTRA, In\u0161titut za ohranjanje naravne dedi\u0161\u010dine\"},\"image\":{\"@id\":\"https:\/\/lutra.si\/#\/schema\/logo\/image\/\"},\"sameAs\":[\"https:\/\/www.facebook.com\/LutraInstitut\"]}]}<\/script>\n<!-- \/ Yoast SEO plugin. -->","yoast_head_json":{"title":"Booklet Drops of Sceience - Lutra, In\u0161titut za ohranjanje naravne dedi\u0161\u010dine","robots":{"index":"index","follow":"follow","max-snippet":"max-snippet:-1","max-image-preview":"max-image-preview:large","max-video-preview":"max-video-preview:-1"},"canonical":"https:\/\/lutra.si\/en\/product\/booklet-drops-of-sceience\/","og_locale":"en_US","og_type":"article","og_title":"Booklet Drops of Sceience - Lutra, In\u0161titut za ohranjanje naravne dedi\u0161\u010dine","og_description":"The booklet was issued at the end of the Drops of Science education program and represents the most important results of the project, which was supported by the Ministry of [&hellip;]","og_url":"https:\/\/lutra.si\/en\/product\/booklet-drops-of-sceience\/","og_site_name":"Lutra, In\u0161titut za ohranjanje naravne dedi\u0161\u010dine","article_publisher":"https:\/\/www.facebook.com\/LutraInstitut","og_image":[{"width":606,"height":772,"url":"https:\/\/lutra.si\/wp-content\/uploads\/2017\/07\/zbornikkapljice.jpg","type":"image\/jpeg"}],"twitter_card":"summary_large_image","schema":{"@context":"https:\/\/schema.org","@graph":[{"@type":"WebPage","@id":"https:\/\/lutra.si\/en\/product\/booklet-drops-of-sceience\/","url":"https:\/\/lutra.si\/en\/product\/booklet-drops-of-sceience\/","name":"Booklet Drops of Sceience - Lutra, In\u0161titut za ohranjanje naravne dedi\u0161\u010dine","isPartOf":{"@id":"https:\/\/lutra.si\/#website"},"primaryImageOfPage":{"@id":"https:\/\/lutra.si\/en\/product\/booklet-drops-of-sceience\/#primaryimage"},"image":{"@id":"https:\/\/lutra.si\/en\/product\/booklet-drops-of-sceience\/#primaryimage"},"thumbnailUrl":"https:\/\/lutra.si\/wp-content\/uploads\/2017\/07\/zbornikkapljice.jpg","datePublished":"2017-11-25T11:07:25+00:00","dateModified":"2017-11-25T11:07:25+00:00","breadcrumb":{"@id":"https:\/\/lutra.si\/en\/product\/booklet-drops-of-sceience\/#breadcrumb"},"inLanguage":"en-US","potentialAction":[{"@type":"ReadAction","target":["https:\/\/lutra.si\/en\/product\/booklet-drops-of-sceience\/"]}]},{"@type":"ImageObject","inLanguage":"en-US","@id":"https:\/\/lutra.si\/en\/product\/booklet-drops-of-sceience\/#primaryimage","url":"https:\/\/lutra.si\/wp-content\/uploads\/2017\/07\/zbornikkapljice.jpg","contentUrl":"https:\/\/lutra.si\/wp-content\/uploads\/2017\/07\/zbornikkapljice.jpg","width":606,"height":772},{"@type":"BreadcrumbList","@id":"https:\/\/lutra.si\/en\/product\/booklet-drops-of-sceience\/#breadcrumb","itemListElement":[{"@type":"ListItem","position":1,"name":"Home","item":"https:\/\/lutra.si\/en\/"},{"@type":"ListItem","position":2,"name":"Shop","item":"https:\/\/lutra.si\/en\/shop\/"},{"@type":"ListItem","position":3,"name":"Booklet Drops of Sceience"}]},{"@type":"WebSite","@id":"https:\/\/lutra.si\/#website","url":"https:\/\/lutra.si\/","name":"Lutra, In\u0161titut za ohranjanje naravne dedi\u0161\u010dine","description":"","publisher":{"@id":"https:\/\/lutra.si\/#organization"},"potentialAction":[{"@type":"SearchAction","target":{"@type":"EntryPoint","urlTemplate":"https:\/\/lutra.si\/?s={search_term_string}"},"query-input":{"@type":"PropertyValueSpecification","valueRequired":true,"valueName":"search_term_string"}}],"inLanguage":"en-US"},{"@type":"Organization","@id":"https:\/\/lutra.si\/#organization","name":"LUTRA, In\u0161titut za ohranjanje naravne dedi\u0161\u010dine","url":"https:\/\/lutra.si\/","logo":{"@type":"ImageObject","inLanguage":"en-US","@id":"https:\/\/lutra.si\/#\/schema\/logo\/image\/","url":"https:\/\/lutra.si\/wp-content\/uploads\/2021\/06\/Lutra-znak-colorizbrani-e1695361259682.jpg","contentUrl":"https:\/\/lutra.si\/wp-content\/uploads\/2021\/06\/Lutra-znak-colorizbrani-e1695361259682.jpg","width":500,"height":707,"caption":"LUTRA, In\u0161titut za ohranjanje naravne dedi\u0161\u010dine"},"image":{"@id":"https:\/\/lutra.si\/#\/schema\/logo\/image\/"},"sameAs":["https:\/\/www.facebook.com\/LutraInstitut"]}]}},"_links":{"self":[{"href":"https:\/\/lutra.si\/en\/wp-json\/wp\/v2\/product\/7518","targetHints":{"allow":["GET"]}}],"collection":[{"href":"https:\/\/lutra.si\/en\/wp-json\/wp\/v2\/product"}],"about":[{"href":"https:\/\/lutra.si\/en\/wp-json\/wp\/v2\/types\/product"}],"wp:featuredmedia":[{"embeddable":true,"href":"https:\/\/lutra.si\/en\/wp-json\/wp\/v2\/media\/6790"}],"wp:attachment":[{"href":"https:\/\/lutra.si\/en\/wp-json\/wp\/v2\/media?parent=7518"}],"wp:term":[{"taxonomy":"product_brand","embeddable":true,"href":"https:\/\/lutra.si\/en\/wp-json\/wp\/v2\/product_brand?post=7518"},{"taxonomy":"product_cat","embeddable":true,"href":"https:\/\/lutra.si\/en\/wp-json\/wp\/v2\/product_cat?post=7518"},{"taxonomy":"product_tag","embeddable":true,"href":"https:\/\/lutra.si\/en\/wp-json\/wp\/v2\/product_tag?post=7518"}],"curies":[{"name":"wp","href":"https:\/\/api.w.org\/{rel}","templated":true}]}}