{"id":10220,"date":"2020-03-31T10:07:17","date_gmt":"2020-03-31T09:07:17","guid":{"rendered":"https:\/\/lutra.si\/?post_type=product&#038;p=10220"},"modified":"2020-03-31T10:21:18","modified_gmt":"2020-03-31T09:21:18","slug":"otter-a-beautiful-miller-book","status":"publish","type":"product","link":"https:\/\/lutra.si\/en\/product\/otter-a-beautiful-miller-book\/","title":{"rendered":"Otter, a beautiful Miller (book)"},"content":{"rendered":"<p>This is a book about otter, prepared by the Institute Lutra within the framework of the LIFE project AQUALUTRA, to reason with the imporatance od the protection of animals and all biodiversity in Slovenia. A book is also available in hard binding.<\/p>\n<p>No. pages: 50<br \/>\nYear of publication: 2010<br \/>\nLanguage: Slovenian<br \/>\nPublisher: LUTRA, Institute for Conservation of Natural Heritage, Ljubljana<\/p>\n","protected":false},"excerpt":{"rendered":"<p>This is a book about otter, prepared by the Institute Lutra within the framework of the LIFE project AQUALUTRA, to reason with the imporatance od the protection of animals and [&hellip;]<\/p>\n","protected":false},"featured_media":5538,"template":"","meta":{"episode_type":"","audio_file":"","cover_image":"","cover_image_id":"","duration":"","filesize":"","date_recorded":"","explicit":"","block":"","filesize_raw":""},"product_brand":[],"product_cat":[233],"product_tag":[],"class_list":{"0":"post-10220","1":"product","2":"type-product","3":"status-publish","4":"has-post-thumbnail","6":"product_cat-publications","7":"pif-has-gallery","9":"first","10":"instock","11":"taxable","12":"shipping-taxable","13":"purchasable","14":"product-type-variable"},"yoast_head":"<!-- This site is optimized with the Yoast SEO plugin v24.3 - https:\/\/yoast.com\/wordpress\/plugins\/seo\/ -->\n<title>Otter, a beautiful Miller (book) - Lutra, In\u0161titut za ohranjanje naravne dedi\u0161\u010dine<\/title>\n<meta name=\"robots\" content=\"index, follow, max-snippet:-1, max-image-preview:large, max-video-preview:-1\" \/>\n<link rel=\"canonical\" href=\"https:\/\/lutra.si\/en\/product\/otter-a-beautiful-miller-book\/\" \/>\n<meta property=\"og:locale\" content=\"en_US\" \/>\n<meta property=\"og:type\" content=\"article\" \/>\n<meta property=\"og:title\" content=\"Otter, a beautiful Miller (book) - Lutra, In\u0161titut za ohranjanje naravne dedi\u0161\u010dine\" \/>\n<meta property=\"og:description\" content=\"This is a book about otter, prepared by the Institute Lutra within the framework of the LIFE project AQUALUTRA, to reason with the imporatance od the protection of animals and [&hellip;]\" \/>\n<meta property=\"og:url\" content=\"https:\/\/lutra.si\/en\/product\/otter-a-beautiful-miller-book\/\" \/>\n<meta property=\"og:site_name\" content=\"Lutra, In\u0161titut za ohranjanje naravne dedi\u0161\u010dine\" \/>\n<meta property=\"article:publisher\" content=\"https:\/\/www.facebook.com\/LutraInstitut\" \/>\n<meta property=\"article:modified_time\" content=\"2020-03-31T09:21:18+00:00\" \/>\n<meta property=\"og:image\" content=\"https:\/\/lutra.si\/wp-content\/uploads\/2017\/10\/VidraZalaMlinarica_Page_01.jpg\" \/>\n\t<meta property=\"og:image:width\" content=\"1000\" \/>\n\t<meta property=\"og:image:height\" content=\"707\" \/>\n\t<meta property=\"og:image:type\" content=\"image\/jpeg\" \/>\n<meta name=\"twitter:card\" content=\"summary_large_image\" \/>\n<script type=\"application\/ld+json\" class=\"yoast-schema-graph\">{\"@context\":\"https:\/\/schema.org\",\"@graph\":[{\"@type\":\"WebPage\",\"@id\":\"https:\/\/lutra.si\/en\/product\/otter-a-beautiful-miller-book\/\",\"url\":\"https:\/\/lutra.si\/en\/product\/otter-a-beautiful-miller-book\/\",\"name\":\"Otter, a beautiful Miller (book) - Lutra, In\u0161titut za ohranjanje naravne dedi\u0161\u010dine\",\"isPartOf\":{\"@id\":\"https:\/\/lutra.si\/#website\"},\"primaryImageOfPage\":{\"@id\":\"https:\/\/lutra.si\/en\/product\/otter-a-beautiful-miller-book\/#primaryimage\"},\"image\":{\"@id\":\"https:\/\/lutra.si\/en\/product\/otter-a-beautiful-miller-book\/#primaryimage\"},\"thumbnailUrl\":\"https:\/\/lutra.si\/wp-content\/uploads\/2017\/10\/VidraZalaMlinarica_Page_01.jpg\",\"datePublished\":\"2020-03-31T09:07:17+00:00\",\"dateModified\":\"2020-03-31T09:21:18+00:00\",\"breadcrumb\":{\"@id\":\"https:\/\/lutra.si\/en\/product\/otter-a-beautiful-miller-book\/#breadcrumb\"},\"inLanguage\":\"en-US\",\"potentialAction\":[{\"@type\":\"ReadAction\",\"target\":[\"https:\/\/lutra.si\/en\/product\/otter-a-beautiful-miller-book\/\"]}]},{\"@type\":\"ImageObject\",\"inLanguage\":\"en-US\",\"@id\":\"https:\/\/lutra.si\/en\/product\/otter-a-beautiful-miller-book\/#primaryimage\",\"url\":\"https:\/\/lutra.si\/wp-content\/uploads\/2017\/10\/VidraZalaMlinarica_Page_01.jpg\",\"contentUrl\":\"https:\/\/lutra.si\/wp-content\/uploads\/2017\/10\/VidraZalaMlinarica_Page_01.jpg\",\"width\":1000,\"height\":707},{\"@type\":\"BreadcrumbList\",\"@id\":\"https:\/\/lutra.si\/en\/product\/otter-a-beautiful-miller-book\/#breadcrumb\",\"itemListElement\":[{\"@type\":\"ListItem\",\"position\":1,\"name\":\"Home\",\"item\":\"https:\/\/lutra.si\/en\/\"},{\"@type\":\"ListItem\",\"position\":2,\"name\":\"Shop\",\"item\":\"https:\/\/lutra.si\/en\/shop\/\"},{\"@type\":\"ListItem\",\"position\":3,\"name\":\"Otter, a beautiful Miller (book)\"}]},{\"@type\":\"WebSite\",\"@id\":\"https:\/\/lutra.si\/#website\",\"url\":\"https:\/\/lutra.si\/\",\"name\":\"Lutra, In\u0161titut za ohranjanje naravne dedi\u0161\u010dine\",\"description\":\"\",\"publisher\":{\"@id\":\"https:\/\/lutra.si\/#organization\"},\"potentialAction\":[{\"@type\":\"SearchAction\",\"target\":{\"@type\":\"EntryPoint\",\"urlTemplate\":\"https:\/\/lutra.si\/?s={search_term_string}\"},\"query-input\":{\"@type\":\"PropertyValueSpecification\",\"valueRequired\":true,\"valueName\":\"search_term_string\"}}],\"inLanguage\":\"en-US\"},{\"@type\":\"Organization\",\"@id\":\"https:\/\/lutra.si\/#organization\",\"name\":\"LUTRA, In\u0161titut za ohranjanje naravne dedi\u0161\u010dine\",\"url\":\"https:\/\/lutra.si\/\",\"logo\":{\"@type\":\"ImageObject\",\"inLanguage\":\"en-US\",\"@id\":\"https:\/\/lutra.si\/#\/schema\/logo\/image\/\",\"url\":\"https:\/\/lutra.si\/wp-content\/uploads\/2021\/06\/Lutra-znak-colorizbrani-e1695361259682.jpg\",\"contentUrl\":\"https:\/\/lutra.si\/wp-content\/uploads\/2021\/06\/Lutra-znak-colorizbrani-e1695361259682.jpg\",\"width\":500,\"height\":707,\"caption\":\"LUTRA, In\u0161titut za ohranjanje naravne dedi\u0161\u010dine\"},\"image\":{\"@id\":\"https:\/\/lutra.si\/#\/schema\/logo\/image\/\"},\"sameAs\":[\"https:\/\/www.facebook.com\/LutraInstitut\"]}]}<\/script>\n<!-- \/ Yoast SEO plugin. -->","yoast_head_json":{"title":"Otter, a beautiful Miller (book) - Lutra, In\u0161titut za ohranjanje naravne dedi\u0161\u010dine","robots":{"index":"index","follow":"follow","max-snippet":"max-snippet:-1","max-image-preview":"max-image-preview:large","max-video-preview":"max-video-preview:-1"},"canonical":"https:\/\/lutra.si\/en\/product\/otter-a-beautiful-miller-book\/","og_locale":"en_US","og_type":"article","og_title":"Otter, a beautiful Miller (book) - Lutra, In\u0161titut za ohranjanje naravne dedi\u0161\u010dine","og_description":"This is a book about otter, prepared by the Institute Lutra within the framework of the LIFE project AQUALUTRA, to reason with the imporatance od the protection of animals and [&hellip;]","og_url":"https:\/\/lutra.si\/en\/product\/otter-a-beautiful-miller-book\/","og_site_name":"Lutra, In\u0161titut za ohranjanje naravne dedi\u0161\u010dine","article_publisher":"https:\/\/www.facebook.com\/LutraInstitut","article_modified_time":"2020-03-31T09:21:18+00:00","og_image":[{"width":1000,"height":707,"url":"https:\/\/lutra.si\/wp-content\/uploads\/2017\/10\/VidraZalaMlinarica_Page_01.jpg","type":"image\/jpeg"}],"twitter_card":"summary_large_image","schema":{"@context":"https:\/\/schema.org","@graph":[{"@type":"WebPage","@id":"https:\/\/lutra.si\/en\/product\/otter-a-beautiful-miller-book\/","url":"https:\/\/lutra.si\/en\/product\/otter-a-beautiful-miller-book\/","name":"Otter, a beautiful Miller (book) - Lutra, In\u0161titut za ohranjanje naravne dedi\u0161\u010dine","isPartOf":{"@id":"https:\/\/lutra.si\/#website"},"primaryImageOfPage":{"@id":"https:\/\/lutra.si\/en\/product\/otter-a-beautiful-miller-book\/#primaryimage"},"image":{"@id":"https:\/\/lutra.si\/en\/product\/otter-a-beautiful-miller-book\/#primaryimage"},"thumbnailUrl":"https:\/\/lutra.si\/wp-content\/uploads\/2017\/10\/VidraZalaMlinarica_Page_01.jpg","datePublished":"2020-03-31T09:07:17+00:00","dateModified":"2020-03-31T09:21:18+00:00","breadcrumb":{"@id":"https:\/\/lutra.si\/en\/product\/otter-a-beautiful-miller-book\/#breadcrumb"},"inLanguage":"en-US","potentialAction":[{"@type":"ReadAction","target":["https:\/\/lutra.si\/en\/product\/otter-a-beautiful-miller-book\/"]}]},{"@type":"ImageObject","inLanguage":"en-US","@id":"https:\/\/lutra.si\/en\/product\/otter-a-beautiful-miller-book\/#primaryimage","url":"https:\/\/lutra.si\/wp-content\/uploads\/2017\/10\/VidraZalaMlinarica_Page_01.jpg","contentUrl":"https:\/\/lutra.si\/wp-content\/uploads\/2017\/10\/VidraZalaMlinarica_Page_01.jpg","width":1000,"height":707},{"@type":"BreadcrumbList","@id":"https:\/\/lutra.si\/en\/product\/otter-a-beautiful-miller-book\/#breadcrumb","itemListElement":[{"@type":"ListItem","position":1,"name":"Home","item":"https:\/\/lutra.si\/en\/"},{"@type":"ListItem","position":2,"name":"Shop","item":"https:\/\/lutra.si\/en\/shop\/"},{"@type":"ListItem","position":3,"name":"Otter, a beautiful Miller (book)"}]},{"@type":"WebSite","@id":"https:\/\/lutra.si\/#website","url":"https:\/\/lutra.si\/","name":"Lutra, In\u0161titut za ohranjanje naravne dedi\u0161\u010dine","description":"","publisher":{"@id":"https:\/\/lutra.si\/#organization"},"potentialAction":[{"@type":"SearchAction","target":{"@type":"EntryPoint","urlTemplate":"https:\/\/lutra.si\/?s={search_term_string}"},"query-input":{"@type":"PropertyValueSpecification","valueRequired":true,"valueName":"search_term_string"}}],"inLanguage":"en-US"},{"@type":"Organization","@id":"https:\/\/lutra.si\/#organization","name":"LUTRA, In\u0161titut za ohranjanje naravne dedi\u0161\u010dine","url":"https:\/\/lutra.si\/","logo":{"@type":"ImageObject","inLanguage":"en-US","@id":"https:\/\/lutra.si\/#\/schema\/logo\/image\/","url":"https:\/\/lutra.si\/wp-content\/uploads\/2021\/06\/Lutra-znak-colorizbrani-e1695361259682.jpg","contentUrl":"https:\/\/lutra.si\/wp-content\/uploads\/2021\/06\/Lutra-znak-colorizbrani-e1695361259682.jpg","width":500,"height":707,"caption":"LUTRA, In\u0161titut za ohranjanje naravne dedi\u0161\u010dine"},"image":{"@id":"https:\/\/lutra.si\/#\/schema\/logo\/image\/"},"sameAs":["https:\/\/www.facebook.com\/LutraInstitut"]}]}},"_links":{"self":[{"href":"https:\/\/lutra.si\/en\/wp-json\/wp\/v2\/product\/10220","targetHints":{"allow":["GET"]}}],"collection":[{"href":"https:\/\/lutra.si\/en\/wp-json\/wp\/v2\/product"}],"about":[{"href":"https:\/\/lutra.si\/en\/wp-json\/wp\/v2\/types\/product"}],"wp:featuredmedia":[{"embeddable":true,"href":"https:\/\/lutra.si\/en\/wp-json\/wp\/v2\/media\/5538"}],"wp:attachment":[{"href":"https:\/\/lutra.si\/en\/wp-json\/wp\/v2\/media?parent=10220"}],"wp:term":[{"taxonomy":"product_brand","embeddable":true,"href":"https:\/\/lutra.si\/en\/wp-json\/wp\/v2\/product_brand?post=10220"},{"taxonomy":"product_cat","embeddable":true,"href":"https:\/\/lutra.si\/en\/wp-json\/wp\/v2\/product_cat?post=10220"},{"taxonomy":"product_tag","embeddable":true,"href":"https:\/\/lutra.si\/en\/wp-json\/wp\/v2\/product_tag?post=10220"}],"curies":[{"name":"wp","href":"https:\/\/api.w.org\/{rel}","templated":true}]}}