{"id":6408,"date":"2018-01-26T13:39:48","date_gmt":"2018-01-26T12:39:48","guid":{"rendered":"http:\/\/lutra.si\/?page_id=6408"},"modified":"2018-06-20T11:59:58","modified_gmt":"2018-06-20T10:59:58","slug":"lutrine-razstave-panoji","status":"publish","type":"page","link":"https:\/\/lutra.si\/en\/lutrine-razstave-panoji\/","title":{"rendered":"LUTRA Exhibitions"},"content":{"rendered":"<div class=\"wpb-content-wrapper\">[vc_row][vc_column width=&#8221;1\/2&#8243;]<div id=\"ultimate-heading-123169eb805dea5c7\" class=\"uvc-heading ult-adjust-bottom-margin ultimate-heading-123169eb805dea5c7 uvc-1019 \" data-hspacer=\"line_only\"  data-halign=\"left\" style=\"text-align:left\"><div class=\"uvc-main-heading ult-responsive\"  data-ultimate-target='.uvc-heading.ultimate-heading-123169eb805dea5c7 h2'  data-responsive-json-new='{\"font-size\":\"\",\"line-height\":\"\"}' ><h2 style=\"font-weight:normal;\">\u017divi zakladi na\u0161ih voda<\/h2><\/div><div class=\"uvc-heading-spacer line_only\" style=\"topheight:2px;\"><span class=\"uvc-headings-line\" style=\"border-style:solid;border-bottom-width:2px;border-color:#9b6634;width:50px;\"><\/span><\/div><div class=\"uvc-sub-heading ult-responsive\"  data-ultimate-target='.uvc-heading.ultimate-heading-123169eb805dea5c7 .uvc-sub-heading '  data-responsive-json-new='{\"font-size\":\"\",\"line-height\":\"\"}'  style=\"font-weight:normal;\"><a href=\"http:\/\/lutra.si\/en\/__trashed-18\/\"><img loading=\"lazy\" decoding=\"async\" class=\"aligncenter wp-image-7615 size-large\" src=\"http:\/\/lutra.si\/wp-content\/uploads\/2017\/10\/Tivoli-\u017eivi-zakladi-1024x695.jpg\" alt=\"\" width=\"640\" height=\"434\" srcset=\"https:\/\/lutra.si\/wp-content\/uploads\/2017\/10\/Tivoli-\u017eivi-zakladi-1024x695.jpg 1024w, https:\/\/lutra.si\/wp-content\/uploads\/2017\/10\/Tivoli-\u017eivi-zakladi-600x407.jpg 600w, https:\/\/lutra.si\/wp-content\/uploads\/2017\/10\/Tivoli-\u017eivi-zakladi-300x204.jpg 300w, https:\/\/lutra.si\/wp-content\/uploads\/2017\/10\/Tivoli-\u017eivi-zakladi-768x522.jpg 768w, https:\/\/lutra.si\/wp-content\/uploads\/2017\/10\/Tivoli-\u017eivi-zakladi-633x430.jpg 633w\" sizes=\"auto, (max-width: 640px) 100vw, 640px\" \/><\/a><\/div><\/div>[\/vc_column][vc_column width=&#8221;1\/2&#8243;]<div id=\"ultimate-heading-928469eb805dea64a\" class=\"uvc-heading ult-adjust-bottom-margin ultimate-heading-928469eb805dea64a uvc-4273 \" data-hspacer=\"line_only\"  data-halign=\"left\" style=\"text-align:left\"><div class=\"uvc-main-heading ult-responsive\"  data-ultimate-target='.uvc-heading.ultimate-heading-928469eb805dea64a h2'  data-responsive-json-new='{\"font-size\":\"\",\"line-height\":\"\"}' ><h2 style=\"font-weight:normal;\">Razkrita \u010dudesa reke<\/h2><\/div><div class=\"uvc-heading-spacer line_only\" style=\"topheight:2px;\"><span class=\"uvc-headings-line\" style=\"border-style:solid;border-bottom-width:2px;border-color:#9b6634;width:50px;\"><\/span><\/div><div class=\"uvc-sub-heading ult-responsive\"  data-ultimate-target='.uvc-heading.ultimate-heading-928469eb805dea64a .uvc-sub-heading '  data-responsive-json-new='{\"font-size\":\"\",\"line-height\":\"\"}'  style=\"font-weight:normal;\"><a href=\"http:\/\/lutra.si\/en\/?p=6179\"><img loading=\"lazy\" decoding=\"async\" class=\"aligncenter wp-image-7617 size-large\" src=\"http:\/\/lutra.si\/wp-content\/uploads\/2017\/10\/Pages-from-Razstava-alge-T-1024x692.jpg\" alt=\"\" width=\"640\" height=\"433\" srcset=\"https:\/\/lutra.si\/wp-content\/uploads\/2017\/10\/Pages-from-Razstava-alge-T-1024x692.jpg 1024w, https:\/\/lutra.si\/wp-content\/uploads\/2017\/10\/Pages-from-Razstava-alge-T-600x405.jpg 600w, https:\/\/lutra.si\/wp-content\/uploads\/2017\/10\/Pages-from-Razstava-alge-T-300x203.jpg 300w, https:\/\/lutra.si\/wp-content\/uploads\/2017\/10\/Pages-from-Razstava-alge-T-768x519.jpg 768w, https:\/\/lutra.si\/wp-content\/uploads\/2017\/10\/Pages-from-Razstava-alge-T-636x430.jpg 636w\" sizes=\"auto, (max-width: 640px) 100vw, 640px\" \/><\/a><\/div><\/div>[\/vc_column][\/vc_row][vc_row][vc_column][vc_empty_space][\/vc_column][\/vc_row][vc_row][vc_column width=&#8221;1\/3&#8243;]<div id=\"ultimate-heading-461669eb805dea6b0\" class=\"uvc-heading ult-adjust-bottom-margin ultimate-heading-461669eb805dea6b0 uvc-4111 \" data-hspacer=\"line_only\"  data-halign=\"left\" style=\"text-align:left\"><div class=\"uvc-main-heading ult-responsive\"  data-ultimate-target='.uvc-heading.ultimate-heading-461669eb805dea6b0 h2'  data-responsive-json-new='{\"font-size\":\"\",\"line-height\":\"\"}' ><h2 style=\"font-weight:normal;\">Razstava AQUAVIVA<\/h2><\/div><div class=\"uvc-heading-spacer line_only\" style=\"topheight:2px;\"><span class=\"uvc-headings-line\" style=\"border-style:solid;border-bottom-width:2px;border-color:#9b6634;width:50px;\"><\/span><\/div><div class=\"uvc-sub-heading ult-responsive\"  data-ultimate-target='.uvc-heading.ultimate-heading-461669eb805dea6b0 .uvc-sub-heading '  data-responsive-json-new='{\"font-size\":\"\",\"line-height\":\"\"}'  style=\"font-weight:normal;\"><a href=\"http:\/\/lutra.si\/wp-content\/uploads\/2017\/10\/Aquaviva-pano-naslovni.pdf\" target=\"_blank\" rel=\"noopener\"><img loading=\"lazy\" decoding=\"async\" class=\"alignnone wp-image-7214 size-large\" src=\"http:\/\/lutra.si\/wp-content\/uploads\/2017\/10\/Aquaviva-pano-naslovni-387x1024.png\" alt=\"\" width=\"387\" height=\"1024\" srcset=\"https:\/\/lutra.si\/wp-content\/uploads\/2017\/10\/Aquaviva-pano-naslovni-387x1024.png 387w, https:\/\/lutra.si\/wp-content\/uploads\/2017\/10\/Aquaviva-pano-naslovni-600x1588.png 600w, https:\/\/lutra.si\/wp-content\/uploads\/2017\/10\/Aquaviva-pano-naslovni-113x300.png 113w, https:\/\/lutra.si\/wp-content\/uploads\/2017\/10\/Aquaviva-pano-naslovni-768x2033.png 768w, https:\/\/lutra.si\/wp-content\/uploads\/2017\/10\/Aquaviva-pano-naslovni-162x430.png 162w\" sizes=\"auto, (max-width: 387px) 100vw, 387px\" \/><\/a><\/div><\/div>[\/vc_column][vc_column width=&#8221;1\/3&#8243;]<div id=\"ultimate-heading-975969eb805dea714\" class=\"uvc-heading ult-adjust-bottom-margin ultimate-heading-975969eb805dea714 uvc-9475 \" data-hspacer=\"line_only\"  data-halign=\"left\" style=\"text-align:left\"><div class=\"uvc-main-heading ult-responsive\"  data-ultimate-target='.uvc-heading.ultimate-heading-975969eb805dea714 h2'  data-responsive-json-new='{\"font-size\":\"\",\"line-height\":\"\"}' ><h2 style=\"font-weight:normal;\">Razstava AQUALUTRA<\/h2><\/div><div class=\"uvc-heading-spacer line_only\" style=\"topheight:2px;\"><span class=\"uvc-headings-line\" style=\"border-style:solid;border-bottom-width:2px;border-color:#9b6634;width:50px;\"><\/span><\/div><div class=\"uvc-sub-heading ult-responsive\"  data-ultimate-target='.uvc-heading.ultimate-heading-975969eb805dea714 .uvc-sub-heading '  data-responsive-json-new='{\"font-size\":\"\",\"line-height\":\"\"}'  style=\"font-weight:normal;\"><a href=\"\/wp-content\/uploads\/2017\/10\/Razstava_Vabilo_v_center_AQUALUTRA.pdf\" target=\"_blank\" rel=\"noopener\"><img decoding=\"async\" src=\"http:\/\/lutra.si\/wp-content\/uploads\/2017\/10\/Razstava_Vabilo_v_center_AQUALUTRA-pdf-355x1024.jpg\" alt=\"Razstava Vabilo v center AQUALUTRA\" \/><\/a><\/div><\/div>[\/vc_column][vc_column width=&#8221;1\/3&#8243;]<div id=\"ultimate-heading-119869eb805dea769\" class=\"uvc-heading ult-adjust-bottom-margin ultimate-heading-119869eb805dea769 uvc-592 \" data-hspacer=\"line_only\"  data-halign=\"left\" style=\"text-align:left\"><div class=\"uvc-main-heading ult-responsive\"  data-ultimate-target='.uvc-heading.ultimate-heading-119869eb805dea769 h2'  data-responsive-json-new='{\"font-size\":\"\",\"line-height\":\"\"}' ><h2 style=\"font-weight:normal;\">Razstava Kapljice znanosti<\/h2><\/div><div class=\"uvc-heading-spacer line_only\" style=\"topheight:2px;\"><span class=\"uvc-headings-line\" style=\"border-style:solid;border-bottom-width:2px;border-color:#9b6634;width:50px;\"><\/span><\/div><\/div>[\/vc_column][\/vc_row]\n<\/div>","protected":false},"excerpt":{"rendered":"<p>[vc_row][vc_column width=&#8221;1\/2&#8243;][\/vc_column][vc_column width=&#8221;1\/2&#8243;][\/vc_column][\/vc_row][vc_row][vc_column][vc_empty_space][\/vc_column][\/vc_row][vc_row][vc_column width=&#8221;1\/3&#8243;][\/vc_column][vc_column width=&#8221;1\/3&#8243;][\/vc_column][vc_column width=&#8221;1\/3&#8243;][\/vc_column][\/vc_row]<\/p>\n","protected":false},"author":1,"featured_media":0,"parent":0,"menu_order":0,"comment_status":"closed","ping_status":"closed","template":"","meta":{"episode_type":"","audio_file":"","cover_image":"","cover_image_id":"","duration":"","filesize":"","date_recorded":"","explicit":"","block":"","filesize_raw":"","footnotes":""},"class_list":["post-6408","page","type-page","status-publish","hentry"],"yoast_head":"<!-- This site is optimized with the Yoast SEO plugin v24.3 - https:\/\/yoast.com\/wordpress\/plugins\/seo\/ -->\n<title>LUTRA Exhibitions - Lutra, In\u0161titut za ohranjanje naravne dedi\u0161\u010dine<\/title>\n<meta name=\"description\" content=\"%\" \/>\n<meta name=\"robots\" content=\"index, follow, max-snippet:-1, max-image-preview:large, max-video-preview:-1\" \/>\n<link rel=\"canonical\" href=\"https:\/\/lutra.si\/en\/lutrine-razstave-panoji\/\" \/>\n<meta property=\"og:locale\" content=\"en_US\" \/>\n<meta property=\"og:type\" content=\"article\" \/>\n<meta property=\"og:title\" content=\"LUTRA Exhibitions - Lutra, In\u0161titut za ohranjanje naravne dedi\u0161\u010dine\" \/>\n<meta property=\"og:description\" content=\"%\" \/>\n<meta property=\"og:url\" content=\"https:\/\/lutra.si\/en\/lutrine-razstave-panoji\/\" \/>\n<meta property=\"og:site_name\" content=\"Lutra, In\u0161titut za ohranjanje naravne dedi\u0161\u010dine\" \/>\n<meta property=\"article:publisher\" content=\"https:\/\/www.facebook.com\/LutraInstitut\" \/>\n<meta property=\"article:modified_time\" content=\"2018-06-20T10:59:58+00:00\" \/>\n<meta property=\"og:image\" content=\"http:\/\/lutra.si\/wp-content\/uploads\/2017\/10\/Pages-from-Razstava-alge-T-1024x692.jpg\" \/>\n<meta name=\"twitter:card\" content=\"summary_large_image\" \/>\n<meta name=\"twitter:label1\" content=\"Est. reading time\" \/>\n\t<meta name=\"twitter:data1\" content=\"1 minute\" \/>\n<script type=\"application\/ld+json\" class=\"yoast-schema-graph\">{\"@context\":\"https:\/\/schema.org\",\"@graph\":[{\"@type\":\"WebPage\",\"@id\":\"https:\/\/lutra.si\/en\/lutrine-razstave-panoji\/\",\"url\":\"https:\/\/lutra.si\/en\/lutrine-razstave-panoji\/\",\"name\":\"LUTRA Exhibitions - Lutra, In\u0161titut za ohranjanje naravne dedi\u0161\u010dine\",\"isPartOf\":{\"@id\":\"https:\/\/lutra.si\/#website\"},\"primaryImageOfPage\":{\"@id\":\"https:\/\/lutra.si\/en\/lutrine-razstave-panoji\/#primaryimage\"},\"image\":{\"@id\":\"https:\/\/lutra.si\/en\/lutrine-razstave-panoji\/#primaryimage\"},\"thumbnailUrl\":\"http:\/\/lutra.si\/wp-content\/uploads\/2017\/10\/Pages-from-Razstava-alge-T-1024x692.jpg\",\"datePublished\":\"2018-01-26T12:39:48+00:00\",\"dateModified\":\"2018-06-20T10:59:58+00:00\",\"description\":\"%\",\"breadcrumb\":{\"@id\":\"https:\/\/lutra.si\/en\/lutrine-razstave-panoji\/#breadcrumb\"},\"inLanguage\":\"en-US\",\"potentialAction\":[{\"@type\":\"ReadAction\",\"target\":[\"https:\/\/lutra.si\/en\/lutrine-razstave-panoji\/\"]}]},{\"@type\":\"ImageObject\",\"inLanguage\":\"en-US\",\"@id\":\"https:\/\/lutra.si\/en\/lutrine-razstave-panoji\/#primaryimage\",\"url\":\"http:\/\/lutra.si\/wp-content\/uploads\/2017\/10\/Pages-from-Razstava-alge-T-1024x692.jpg\",\"contentUrl\":\"http:\/\/lutra.si\/wp-content\/uploads\/2017\/10\/Pages-from-Razstava-alge-T-1024x692.jpg\"},{\"@type\":\"BreadcrumbList\",\"@id\":\"https:\/\/lutra.si\/en\/lutrine-razstave-panoji\/#breadcrumb\",\"itemListElement\":[{\"@type\":\"ListItem\",\"position\":1,\"name\":\"Home\",\"item\":\"https:\/\/lutra.si\/en\/\"},{\"@type\":\"ListItem\",\"position\":2,\"name\":\"LUTRA Exhibitions\"}]},{\"@type\":\"WebSite\",\"@id\":\"https:\/\/lutra.si\/#website\",\"url\":\"https:\/\/lutra.si\/\",\"name\":\"Lutra, In\u0161titut za ohranjanje naravne dedi\u0161\u010dine\",\"description\":\"\",\"publisher\":{\"@id\":\"https:\/\/lutra.si\/#organization\"},\"potentialAction\":[{\"@type\":\"SearchAction\",\"target\":{\"@type\":\"EntryPoint\",\"urlTemplate\":\"https:\/\/lutra.si\/?s={search_term_string}\"},\"query-input\":{\"@type\":\"PropertyValueSpecification\",\"valueRequired\":true,\"valueName\":\"search_term_string\"}}],\"inLanguage\":\"en-US\"},{\"@type\":\"Organization\",\"@id\":\"https:\/\/lutra.si\/#organization\",\"name\":\"LUTRA, In\u0161titut za ohranjanje naravne dedi\u0161\u010dine\",\"url\":\"https:\/\/lutra.si\/\",\"logo\":{\"@type\":\"ImageObject\",\"inLanguage\":\"en-US\",\"@id\":\"https:\/\/lutra.si\/#\/schema\/logo\/image\/\",\"url\":\"https:\/\/lutra.si\/wp-content\/uploads\/2021\/06\/Lutra-znak-colorizbrani-e1695361259682.jpg\",\"contentUrl\":\"https:\/\/lutra.si\/wp-content\/uploads\/2021\/06\/Lutra-znak-colorizbrani-e1695361259682.jpg\",\"width\":500,\"height\":707,\"caption\":\"LUTRA, In\u0161titut za ohranjanje naravne dedi\u0161\u010dine\"},\"image\":{\"@id\":\"https:\/\/lutra.si\/#\/schema\/logo\/image\/\"},\"sameAs\":[\"https:\/\/www.facebook.com\/LutraInstitut\"]}]}<\/script>\n<!-- \/ Yoast SEO plugin. -->","yoast_head_json":{"title":"LUTRA Exhibitions - Lutra, In\u0161titut za ohranjanje naravne dedi\u0161\u010dine","description":"%","robots":{"index":"index","follow":"follow","max-snippet":"max-snippet:-1","max-image-preview":"max-image-preview:large","max-video-preview":"max-video-preview:-1"},"canonical":"https:\/\/lutra.si\/en\/lutrine-razstave-panoji\/","og_locale":"en_US","og_type":"article","og_title":"LUTRA Exhibitions - Lutra, In\u0161titut za ohranjanje naravne dedi\u0161\u010dine","og_description":"%","og_url":"https:\/\/lutra.si\/en\/lutrine-razstave-panoji\/","og_site_name":"Lutra, In\u0161titut za ohranjanje naravne dedi\u0161\u010dine","article_publisher":"https:\/\/www.facebook.com\/LutraInstitut","article_modified_time":"2018-06-20T10:59:58+00:00","og_image":[{"url":"http:\/\/lutra.si\/wp-content\/uploads\/2017\/10\/Pages-from-Razstava-alge-T-1024x692.jpg","type":"","width":"","height":""}],"twitter_card":"summary_large_image","twitter_misc":{"Est. reading time":"1 minute"},"schema":{"@context":"https:\/\/schema.org","@graph":[{"@type":"WebPage","@id":"https:\/\/lutra.si\/en\/lutrine-razstave-panoji\/","url":"https:\/\/lutra.si\/en\/lutrine-razstave-panoji\/","name":"LUTRA Exhibitions - Lutra, In\u0161titut za ohranjanje naravne dedi\u0161\u010dine","isPartOf":{"@id":"https:\/\/lutra.si\/#website"},"primaryImageOfPage":{"@id":"https:\/\/lutra.si\/en\/lutrine-razstave-panoji\/#primaryimage"},"image":{"@id":"https:\/\/lutra.si\/en\/lutrine-razstave-panoji\/#primaryimage"},"thumbnailUrl":"http:\/\/lutra.si\/wp-content\/uploads\/2017\/10\/Pages-from-Razstava-alge-T-1024x692.jpg","datePublished":"2018-01-26T12:39:48+00:00","dateModified":"2018-06-20T10:59:58+00:00","description":"%","breadcrumb":{"@id":"https:\/\/lutra.si\/en\/lutrine-razstave-panoji\/#breadcrumb"},"inLanguage":"en-US","potentialAction":[{"@type":"ReadAction","target":["https:\/\/lutra.si\/en\/lutrine-razstave-panoji\/"]}]},{"@type":"ImageObject","inLanguage":"en-US","@id":"https:\/\/lutra.si\/en\/lutrine-razstave-panoji\/#primaryimage","url":"http:\/\/lutra.si\/wp-content\/uploads\/2017\/10\/Pages-from-Razstava-alge-T-1024x692.jpg","contentUrl":"http:\/\/lutra.si\/wp-content\/uploads\/2017\/10\/Pages-from-Razstava-alge-T-1024x692.jpg"},{"@type":"BreadcrumbList","@id":"https:\/\/lutra.si\/en\/lutrine-razstave-panoji\/#breadcrumb","itemListElement":[{"@type":"ListItem","position":1,"name":"Home","item":"https:\/\/lutra.si\/en\/"},{"@type":"ListItem","position":2,"name":"LUTRA Exhibitions"}]},{"@type":"WebSite","@id":"https:\/\/lutra.si\/#website","url":"https:\/\/lutra.si\/","name":"Lutra, In\u0161titut za ohranjanje naravne dedi\u0161\u010dine","description":"","publisher":{"@id":"https:\/\/lutra.si\/#organization"},"potentialAction":[{"@type":"SearchAction","target":{"@type":"EntryPoint","urlTemplate":"https:\/\/lutra.si\/?s={search_term_string}"},"query-input":{"@type":"PropertyValueSpecification","valueRequired":true,"valueName":"search_term_string"}}],"inLanguage":"en-US"},{"@type":"Organization","@id":"https:\/\/lutra.si\/#organization","name":"LUTRA, In\u0161titut za ohranjanje naravne dedi\u0161\u010dine","url":"https:\/\/lutra.si\/","logo":{"@type":"ImageObject","inLanguage":"en-US","@id":"https:\/\/lutra.si\/#\/schema\/logo\/image\/","url":"https:\/\/lutra.si\/wp-content\/uploads\/2021\/06\/Lutra-znak-colorizbrani-e1695361259682.jpg","contentUrl":"https:\/\/lutra.si\/wp-content\/uploads\/2021\/06\/Lutra-znak-colorizbrani-e1695361259682.jpg","width":500,"height":707,"caption":"LUTRA, In\u0161titut za ohranjanje naravne dedi\u0161\u010dine"},"image":{"@id":"https:\/\/lutra.si\/#\/schema\/logo\/image\/"},"sameAs":["https:\/\/www.facebook.com\/LutraInstitut"]}]}},"_links":{"self":[{"href":"https:\/\/lutra.si\/en\/wp-json\/wp\/v2\/pages\/6408","targetHints":{"allow":["GET"]}}],"collection":[{"href":"https:\/\/lutra.si\/en\/wp-json\/wp\/v2\/pages"}],"about":[{"href":"https:\/\/lutra.si\/en\/wp-json\/wp\/v2\/types\/page"}],"author":[{"embeddable":true,"href":"https:\/\/lutra.si\/en\/wp-json\/wp\/v2\/users\/1"}],"replies":[{"embeddable":true,"href":"https:\/\/lutra.si\/en\/wp-json\/wp\/v2\/comments?post=6408"}],"version-history":[{"count":0,"href":"https:\/\/lutra.si\/en\/wp-json\/wp\/v2\/pages\/6408\/revisions"}],"wp:attachment":[{"href":"https:\/\/lutra.si\/en\/wp-json\/wp\/v2\/media?parent=6408"}],"curies":[{"name":"wp","href":"https:\/\/api.w.org\/{rel}","templated":true}]}}