{"id":6396,"date":"2017-11-20T16:47:18","date_gmt":"2017-11-20T15:47:18","guid":{"rendered":"http:\/\/lutra.si\/?page_id=6396"},"modified":"2018-06-20T11:58:20","modified_gmt":"2018-06-20T10:58:20","slug":"cart","status":"publish","type":"page","link":"https:\/\/lutra.si\/en\/cart\/","title":{"rendered":"Cart"},"content":{"rendered":"\n","protected":false},"excerpt":{"rendered":"","protected":false},"author":15,"featured_media":0,"parent":0,"menu_order":0,"comment_status":"closed","ping_status":"closed","template":"","meta":{"episode_type":"","audio_file":"","cover_image":"","cover_image_id":"","duration":"","filesize":"","date_recorded":"","explicit":"","block":"","filesize_raw":"","footnotes":""},"class_list":["post-6396","page","type-page","status-publish","hentry"],"yoast_head":"<!-- This site is optimized with the Yoast SEO plugin v24.3 - https:\/\/yoast.com\/wordpress\/plugins\/seo\/ -->\n<title>Cart - Lutra, In\u0161titut za ohranjanje naravne dedi\u0161\u010dine<\/title>\n<meta name=\"description\" content=\"%\" \/>\n<meta name=\"robots\" content=\"index, follow, max-snippet:-1, max-image-preview:large, max-video-preview:-1\" \/>\n<link rel=\"canonical\" href=\"https:\/\/lutra.si\/en\/cart\/\" \/>\n<meta property=\"og:locale\" content=\"en_US\" \/>\n<meta property=\"og:type\" content=\"article\" \/>\n<meta property=\"og:title\" content=\"Cart - Lutra, In\u0161titut za ohranjanje naravne dedi\u0161\u010dine\" \/>\n<meta property=\"og:description\" content=\"%\" \/>\n<meta property=\"og:url\" content=\"https:\/\/lutra.si\/en\/cart\/\" \/>\n<meta property=\"og:site_name\" content=\"Lutra, In\u0161titut za ohranjanje naravne dedi\u0161\u010dine\" \/>\n<meta property=\"article:publisher\" content=\"https:\/\/www.facebook.com\/LutraInstitut\" \/>\n<meta property=\"article:modified_time\" content=\"2018-06-20T10:58:20+00:00\" \/>\n<meta name=\"twitter:card\" content=\"summary_large_image\" \/>\n<script type=\"application\/ld+json\" class=\"yoast-schema-graph\">{\"@context\":\"https:\/\/schema.org\",\"@graph\":[{\"@type\":\"WebPage\",\"@id\":\"https:\/\/lutra.si\/en\/cart\/\",\"url\":\"https:\/\/lutra.si\/en\/cart\/\",\"name\":\"Cart - Lutra, In\u0161titut za ohranjanje naravne dedi\u0161\u010dine\",\"isPartOf\":{\"@id\":\"https:\/\/lutra.si\/#website\"},\"datePublished\":\"2017-11-20T15:47:18+00:00\",\"dateModified\":\"2018-06-20T10:58:20+00:00\",\"description\":\"%\",\"breadcrumb\":{\"@id\":\"https:\/\/lutra.si\/en\/cart\/#breadcrumb\"},\"inLanguage\":\"en-US\",\"potentialAction\":[{\"@type\":\"ReadAction\",\"target\":[\"https:\/\/lutra.si\/en\/cart\/\"]}]},{\"@type\":\"BreadcrumbList\",\"@id\":\"https:\/\/lutra.si\/en\/cart\/#breadcrumb\",\"itemListElement\":[{\"@type\":\"ListItem\",\"position\":1,\"name\":\"Home\",\"item\":\"https:\/\/lutra.si\/en\/\"},{\"@type\":\"ListItem\",\"position\":2,\"name\":\"Cart\"}]},{\"@type\":\"WebSite\",\"@id\":\"https:\/\/lutra.si\/#website\",\"url\":\"https:\/\/lutra.si\/\",\"name\":\"Lutra, In\u0161titut za ohranjanje naravne dedi\u0161\u010dine\",\"description\":\"\",\"publisher\":{\"@id\":\"https:\/\/lutra.si\/#organization\"},\"potentialAction\":[{\"@type\":\"SearchAction\",\"target\":{\"@type\":\"EntryPoint\",\"urlTemplate\":\"https:\/\/lutra.si\/?s={search_term_string}\"},\"query-input\":{\"@type\":\"PropertyValueSpecification\",\"valueRequired\":true,\"valueName\":\"search_term_string\"}}],\"inLanguage\":\"en-US\"},{\"@type\":\"Organization\",\"@id\":\"https:\/\/lutra.si\/#organization\",\"name\":\"LUTRA, In\u0161titut za ohranjanje naravne dedi\u0161\u010dine\",\"url\":\"https:\/\/lutra.si\/\",\"logo\":{\"@type\":\"ImageObject\",\"inLanguage\":\"en-US\",\"@id\":\"https:\/\/lutra.si\/#\/schema\/logo\/image\/\",\"url\":\"https:\/\/lutra.si\/wp-content\/uploads\/2021\/06\/Lutra-znak-colorizbrani-e1695361259682.jpg\",\"contentUrl\":\"https:\/\/lutra.si\/wp-content\/uploads\/2021\/06\/Lutra-znak-colorizbrani-e1695361259682.jpg\",\"width\":500,\"height\":707,\"caption\":\"LUTRA, In\u0161titut za ohranjanje naravne dedi\u0161\u010dine\"},\"image\":{\"@id\":\"https:\/\/lutra.si\/#\/schema\/logo\/image\/\"},\"sameAs\":[\"https:\/\/www.facebook.com\/LutraInstitut\"]}]}<\/script>\n<!-- \/ Yoast SEO plugin. -->","yoast_head_json":{"title":"Cart - Lutra, In\u0161titut za ohranjanje naravne dedi\u0161\u010dine","description":"%","robots":{"index":"index","follow":"follow","max-snippet":"max-snippet:-1","max-image-preview":"max-image-preview:large","max-video-preview":"max-video-preview:-1"},"canonical":"https:\/\/lutra.si\/en\/cart\/","og_locale":"en_US","og_type":"article","og_title":"Cart - Lutra, In\u0161titut za ohranjanje naravne dedi\u0161\u010dine","og_description":"%","og_url":"https:\/\/lutra.si\/en\/cart\/","og_site_name":"Lutra, In\u0161titut za ohranjanje naravne dedi\u0161\u010dine","article_publisher":"https:\/\/www.facebook.com\/LutraInstitut","article_modified_time":"2018-06-20T10:58:20+00:00","twitter_card":"summary_large_image","schema":{"@context":"https:\/\/schema.org","@graph":[{"@type":"WebPage","@id":"https:\/\/lutra.si\/en\/cart\/","url":"https:\/\/lutra.si\/en\/cart\/","name":"Cart - Lutra, In\u0161titut za ohranjanje naravne dedi\u0161\u010dine","isPartOf":{"@id":"https:\/\/lutra.si\/#website"},"datePublished":"2017-11-20T15:47:18+00:00","dateModified":"2018-06-20T10:58:20+00:00","description":"%","breadcrumb":{"@id":"https:\/\/lutra.si\/en\/cart\/#breadcrumb"},"inLanguage":"en-US","potentialAction":[{"@type":"ReadAction","target":["https:\/\/lutra.si\/en\/cart\/"]}]},{"@type":"BreadcrumbList","@id":"https:\/\/lutra.si\/en\/cart\/#breadcrumb","itemListElement":[{"@type":"ListItem","position":1,"name":"Home","item":"https:\/\/lutra.si\/en\/"},{"@type":"ListItem","position":2,"name":"Cart"}]},{"@type":"WebSite","@id":"https:\/\/lutra.si\/#website","url":"https:\/\/lutra.si\/","name":"Lutra, In\u0161titut za ohranjanje naravne dedi\u0161\u010dine","description":"","publisher":{"@id":"https:\/\/lutra.si\/#organization"},"potentialAction":[{"@type":"SearchAction","target":{"@type":"EntryPoint","urlTemplate":"https:\/\/lutra.si\/?s={search_term_string}"},"query-input":{"@type":"PropertyValueSpecification","valueRequired":true,"valueName":"search_term_string"}}],"inLanguage":"en-US"},{"@type":"Organization","@id":"https:\/\/lutra.si\/#organization","name":"LUTRA, In\u0161titut za ohranjanje naravne dedi\u0161\u010dine","url":"https:\/\/lutra.si\/","logo":{"@type":"ImageObject","inLanguage":"en-US","@id":"https:\/\/lutra.si\/#\/schema\/logo\/image\/","url":"https:\/\/lutra.si\/wp-content\/uploads\/2021\/06\/Lutra-znak-colorizbrani-e1695361259682.jpg","contentUrl":"https:\/\/lutra.si\/wp-content\/uploads\/2021\/06\/Lutra-znak-colorizbrani-e1695361259682.jpg","width":500,"height":707,"caption":"LUTRA, In\u0161titut za ohranjanje naravne dedi\u0161\u010dine"},"image":{"@id":"https:\/\/lutra.si\/#\/schema\/logo\/image\/"},"sameAs":["https:\/\/www.facebook.com\/LutraInstitut"]}]}},"_links":{"self":[{"href":"https:\/\/lutra.si\/en\/wp-json\/wp\/v2\/pages\/6396","targetHints":{"allow":["GET"]}}],"collection":[{"href":"https:\/\/lutra.si\/en\/wp-json\/wp\/v2\/pages"}],"about":[{"href":"https:\/\/lutra.si\/en\/wp-json\/wp\/v2\/types\/page"}],"author":[{"embeddable":true,"href":"https:\/\/lutra.si\/en\/wp-json\/wp\/v2\/users\/15"}],"replies":[{"embeddable":true,"href":"https:\/\/lutra.si\/en\/wp-json\/wp\/v2\/comments?post=6396"}],"version-history":[{"count":0,"href":"https:\/\/lutra.si\/en\/wp-json\/wp\/v2\/pages\/6396\/revisions"}],"wp:attachment":[{"href":"https:\/\/lutra.si\/en\/wp-json\/wp\/v2\/media?parent=6396"}],"curies":[{"name":"wp","href":"https:\/\/api.w.org\/{rel}","templated":true}]}}